{"id":977,"date":"2020-05-01T19:00:33","date_gmt":"2020-05-01T17:00:33","guid":{"rendered":"https:\/\/munchkin.envol-centre-equestre.com\/?page_id=977"},"modified":"2023-12-18T10:52:37","modified_gmt":"2023-12-18T09:52:37","slug":"notre-elevage","status":"publish","type":"page","link":"https:\/\/siberien.envol.ovh\/nl\/notre-elevage\/","title":{"rendered":"Onze fokkerij"},"content":{"rendered":"<div data-elementor-type=\"wp-post\" data-elementor-id=\"977\" class=\"elementor elementor-977\" data-elementor-post-type=\"page\">\n\t\t\t\t\t\t<section class=\"elementor-section elementor-top-section elementor-element elementor-element-2cd009c elementor-section-height-min-height elementor-section-content-middle elementor-section-boxed elementor-section-height-default elementor-section-items-middle\" data-id=\"2cd009c\" data-element_type=\"section\" data-settings=\"{&quot;background_background&quot;:&quot;classic&quot;}\">\n\t\t\t\t\t\t\t<div class=\"elementor-background-overlay\"><\/div>\n\t\t\t\t\t\t\t<div class=\"elementor-container elementor-column-gap-default\">\n\t\t\t\t\t<div class=\"elementor-column elementor-col-100 elementor-top-column elementor-element elementor-element-eaf9918\" data-id=\"eaf9918\" data-element_type=\"column\">\n\t\t\t<div class=\"elementor-widget-wrap elementor-element-populated\">\n\t\t\t\t\t\t<div class=\"elementor-element elementor-element-30819d6 elementor-widget elementor-widget-heading\" data-id=\"30819d6\" data-element_type=\"widget\" data-widget_type=\"heading.default\">\n\t\t\t\t<div class=\"elementor-widget-container\">\n\t\t\t\t\t<h1 class=\"elementor-heading-title elementor-size-default\">Onze fokkerij<\/h1>\t\t\t\t<\/div>\n\t\t\t\t<\/div>\n\t\t\t\t<div class=\"elementor-element elementor-element-86f923c elementor-widget elementor-widget-text-editor\" data-id=\"86f923c\" data-element_type=\"widget\" data-widget_type=\"text-editor.default\">\n\t\t\t\t<div class=\"elementor-widget-container\">\n\t\t\t\t\t\t\t\t\t<p>Deze cattery is de weerspiegeling van onze passie en alle liefde die we geven aan onze katten, die volwaardige leden van onze familie zijn. Kom en ontdek onze wereld.<\/p>\t\t\t\t\t\t\t\t<\/div>\n\t\t\t\t<\/div>\n\t\t\t\t\t<\/div>\n\t\t<\/div>\n\t\t\t\t\t<\/div>\n\t\t<\/section>\n\t\t\t\t<section class=\"elementor-section elementor-top-section elementor-element elementor-element-6eada21 elementor-section-boxed elementor-section-height-default elementor-section-height-default\" data-id=\"6eada21\" data-element_type=\"section\">\n\t\t\t\t\t\t<div class=\"elementor-container elementor-column-gap-default\">\n\t\t\t\t\t<div class=\"elementor-column elementor-col-100 elementor-top-column elementor-element elementor-element-4c66129\" data-id=\"4c66129\" data-element_type=\"column\">\n\t\t\t<div class=\"elementor-widget-wrap elementor-element-populated\">\n\t\t\t\t\t\t<div class=\"elementor-element elementor-element-7dd5c96 elementor-widget elementor-widget-heading\" data-id=\"7dd5c96\" data-element_type=\"widget\" data-widget_type=\"heading.default\">\n\t\t\t\t<div class=\"elementor-widget-container\">\n\t\t\t\t\t<h2 class=\"elementor-heading-title elementor-size-default\">Met liefde gefokte katten van hoge kwaliteit<\/h2>\t\t\t\t<\/div>\n\t\t\t\t<\/div>\n\t\t\t\t\t<\/div>\n\t\t<\/div>\n\t\t\t\t\t<\/div>\n\t\t<\/section>\n\t\t\t\t<section class=\"elementor-section elementor-top-section elementor-element elementor-element-b9a0db7 elementor-section-boxed elementor-section-height-default elementor-section-height-default\" data-id=\"b9a0db7\" data-element_type=\"section\">\n\t\t\t\t\t\t<div class=\"elementor-container elementor-column-gap-default\">\n\t\t\t\t\t<div class=\"elementor-column elementor-col-50 elementor-top-column elementor-element elementor-element-c4bec91\" data-id=\"c4bec91\" data-element_type=\"column\">\n\t\t\t<div class=\"elementor-widget-wrap elementor-element-populated\">\n\t\t\t\t\t\t<div class=\"elementor-element elementor-element-60cbf04 elementor-widget elementor-widget-text-editor\" data-id=\"60cbf04\" data-element_type=\"widget\" data-widget_type=\"text-editor.default\">\n\t\t\t\t<div class=\"elementor-widget-container\">\n\t\t\t\t\t\t\t\t\t<p>De Siberische kat bestaat in twee versies: <strong>Traditionele en Neva Maskerade. <\/strong><\/p><p>In feite verschilt alleen de kleur, want de Neva Masquerade heeft een colourpoint vacht, wat betekent dat hij wit geboren wordt en daarna worden zijn koelere uiteinden gekleurd. Zijn ogen zijn onvermijdelijk blauw.<\/p><p>De traditionele Siberische heeft alle andere kleuren met een tabby (gestreept) of effen (effen) patroon.<\/p><p>We veredelen de 2 versies om je de ruimst mogelijke keuze aan kleuren te bieden. Bij Envol Sib\u00e9rien is er voor elk wat wils!<\/p><p>\u00a0<\/p>\t\t\t\t\t\t\t\t<\/div>\n\t\t\t\t<\/div>\n\t\t\t\t\t<\/div>\n\t\t<\/div>\n\t\t\t\t<div class=\"elementor-column elementor-col-50 elementor-top-column elementor-element elementor-element-cbe7b83\" data-id=\"cbe7b83\" data-element_type=\"column\">\n\t\t\t<div class=\"elementor-widget-wrap elementor-element-populated\">\n\t\t\t\t\t\t<div class=\"elementor-element elementor-element-bc84ffc elementor-widget elementor-widget-image\" data-id=\"bc84ffc\" data-element_type=\"widget\" data-widget_type=\"image.default\">\n\t\t\t\t<div class=\"elementor-widget-container\">\n\t\t\t\t\t\t\t\t\t\t\t\t<figure class=\"wp-caption\">\n\t\t\t\t\t\t\t\t\t\t<img fetchpriority=\"high\" decoding=\"async\" width=\"1024\" height=\"683\" src=\"https:\/\/siberien.envol.ovh\/wp-content\/uploads\/2020\/04\/Princess-Ariel-Lyumur-3-1024x683.jpg\" class=\"attachment-large size-large wp-image-864\" alt=\"\" srcset=\"https:\/\/siberien.envol.ovh\/wp-content\/uploads\/2020\/04\/Princess-Ariel-Lyumur-3-1024x683.jpg 1024w, https:\/\/siberien.envol.ovh\/wp-content\/uploads\/2020\/04\/Princess-Ariel-Lyumur-3-600x400.jpg 600w, https:\/\/siberien.envol.ovh\/wp-content\/uploads\/2020\/04\/Princess-Ariel-Lyumur-3-300x200.jpg 300w, https:\/\/siberien.envol.ovh\/wp-content\/uploads\/2020\/04\/Princess-Ariel-Lyumur-3-768x512.jpg 768w, https:\/\/siberien.envol.ovh\/wp-content\/uploads\/2020\/04\/Princess-Ariel-Lyumur-3.jpg 1200w\" sizes=\"(max-width: 1024px) 100vw, 1024px\" \/>\t\t\t\t\t\t\t\t\t\t\t<figcaption class=\"widget-image-caption wp-caption-text\">Onze Ariel toen ze nog een kitten was: je kunt zien dat de punten donkerder beginnen te worden. Maar ze is zilver, dus ze zal vrij licht blijven.<\/figcaption>\n\t\t\t\t\t\t\t\t\t\t<\/figure>\n\t\t\t\t\t\t\t\t\t<\/div>\n\t\t\t\t<\/div>\n\t\t\t\t\t<\/div>\n\t\t<\/div>\n\t\t\t\t\t<\/div>\n\t\t<\/section>\n\t\t\t\t<section class=\"elementor-section elementor-top-section elementor-element elementor-element-d924ad6 elementor-section-boxed elementor-section-height-default elementor-section-height-default\" data-id=\"d924ad6\" data-element_type=\"section\">\n\t\t\t\t\t\t<div class=\"elementor-container elementor-column-gap-default\">\n\t\t\t\t\t<div class=\"elementor-column elementor-col-50 elementor-top-column elementor-element elementor-element-e0cea15\" data-id=\"e0cea15\" data-element_type=\"column\">\n\t\t\t<div class=\"elementor-widget-wrap elementor-element-populated\">\n\t\t\t\t\t\t<div class=\"elementor-element elementor-element-ee6524f elementor-widget elementor-widget-image\" data-id=\"ee6524f\" data-element_type=\"widget\" data-widget_type=\"image.default\">\n\t\t\t\t<div class=\"elementor-widget-container\">\n\t\t\t\t\t\t\t\t\t\t\t\t\t\t\t<img decoding=\"async\" width=\"980\" height=\"653\" src=\"https:\/\/siberien.envol.ovh\/wp-content\/uploads\/2020\/06\/colours.jpg\" class=\"attachment-large size-large wp-image-1389\" alt=\"\" srcset=\"https:\/\/siberien.envol.ovh\/wp-content\/uploads\/2020\/06\/colours.jpg 980w, https:\/\/siberien.envol.ovh\/wp-content\/uploads\/2020\/06\/colours-300x200.jpg 300w, https:\/\/siberien.envol.ovh\/wp-content\/uploads\/2020\/06\/colours-768x512.jpg 768w\" sizes=\"(max-width: 980px) 100vw, 980px\" \/>\t\t\t\t\t\t\t\t\t\t\t\t\t\t\t<\/div>\n\t\t\t\t<\/div>\n\t\t\t\t\t<\/div>\n\t\t<\/div>\n\t\t\t\t<div class=\"elementor-column elementor-col-50 elementor-top-column elementor-element elementor-element-171e59b\" data-id=\"171e59b\" data-element_type=\"column\">\n\t\t\t<div class=\"elementor-widget-wrap elementor-element-populated\">\n\t\t\t\t\t\t<div class=\"elementor-element elementor-element-db5cdee elementor-widget elementor-widget-text-editor\" data-id=\"db5cdee\" data-element_type=\"widget\" data-widget_type=\"text-editor.default\">\n\t\t\t\t<div class=\"elementor-widget-container\">\n\t\t\t\t\t\t\t\t\t<p><strong>Lang leve de diversiteit!<\/strong><\/p><p>Siberen hebben het geluk dat ze een zeer breed kleurenpalet hebben.<\/p><p>Bij Envol Sib\u00e9rien zijn we niet gespecialiseerd in \u00e9\u00e9n jurk, maar hebben we gekozen voor zoveel mogelijk jurken. En bij elke geboorte is er een nieuwe verrassing!<\/p><p>We hebben gewilde kleuren zoals blauw en zilver, zeldzame kleuren zoals sunshine en traditionele witte katten met blauwe ogen. En natuurlijk colourpoints, browns, gingers...<\/p><p>Neem een kijkje op onze pagina met fokkatten en kittens om een idee te krijgen!<\/p>\t\t\t\t\t\t\t\t<\/div>\n\t\t\t\t<\/div>\n\t\t\t\t\t<\/div>\n\t\t<\/div>\n\t\t\t\t\t<\/div>\n\t\t<\/section>\n\t\t\t\t<section class=\"elementor-section elementor-top-section elementor-element elementor-element-eee526c elementor-section-boxed elementor-section-height-default elementor-section-height-default\" data-id=\"eee526c\" data-element_type=\"section\">\n\t\t\t\t\t\t<div class=\"elementor-container elementor-column-gap-default\">\n\t\t\t\t\t<div class=\"elementor-column elementor-col-50 elementor-top-column elementor-element elementor-element-763c403\" data-id=\"763c403\" data-element_type=\"column\">\n\t\t\t<div class=\"elementor-widget-wrap elementor-element-populated\">\n\t\t\t\t\t\t<div class=\"elementor-element elementor-element-62c62c6 elementor-widget elementor-widget-image\" data-id=\"62c62c6\" data-element_type=\"widget\" data-widget_type=\"image.default\">\n\t\t\t\t<div class=\"elementor-widget-container\">\n\t\t\t\t\t\t\t\t\t\t\t\t\t\t\t<img decoding=\"async\" width=\"143\" height=\"232\" src=\"https:\/\/siberien.envol.ovh\/wp-content\/uploads\/2020\/06\/fr-siberien-1.png\" class=\"attachment-large size-large wp-image-1391\" alt=\"\" \/>\t\t\t\t\t\t\t\t\t\t\t\t\t\t\t<\/div>\n\t\t\t\t<\/div>\n\t\t\t\t\t<\/div>\n\t\t<\/div>\n\t\t\t\t<div class=\"elementor-column elementor-col-50 elementor-top-column elementor-element elementor-element-fd79849\" data-id=\"fd79849\" data-element_type=\"column\">\n\t\t\t<div class=\"elementor-widget-wrap elementor-element-populated\">\n\t\t\t\t\t\t<div class=\"elementor-element elementor-element-20fd2fa elementor-widget elementor-widget-text-editor\" data-id=\"20fd2fa\" data-element_type=\"widget\" data-widget_type=\"text-editor.default\">\n\t\t\t\t<div class=\"elementor-widget-container\">\n\t\t\t\t\t\t\t\t\t<p>Het ras is goed vertegenwoordigd in Frankrijk, waar we uitstekende cattery's hebben waar de meeste van onze katten vandaan komen. Maar natuurlijk konden we het niet laten om een paar wondertjes op te pikken in het hart van het land van herkomst: Rusland!<\/p><p>Onze selectie is zeer streng; onze cattery is gebaseerd op kwaliteit, niet op kwantiteit. <strong>om je de meest bijzondere Siberische katten en kittens te brengen!<\/strong><\/p>\t\t\t\t\t\t\t\t<\/div>\n\t\t\t\t<\/div>\n\t\t\t\t\t<\/div>\n\t\t<\/div>\n\t\t\t\t\t<\/div>\n\t\t<\/section>\n\t\t\t\t<section class=\"elementor-section elementor-top-section elementor-element elementor-element-477cc04 elementor-section-boxed elementor-section-height-default elementor-section-height-default\" data-id=\"477cc04\" data-element_type=\"section\">\n\t\t\t\t\t\t<div class=\"elementor-container elementor-column-gap-default\">\n\t\t\t\t\t<div class=\"elementor-column elementor-col-50 elementor-top-column elementor-element elementor-element-e49d8c5\" data-id=\"e49d8c5\" data-element_type=\"column\">\n\t\t\t<div class=\"elementor-widget-wrap elementor-element-populated\">\n\t\t\t\t\t\t<div class=\"elementor-element elementor-element-7e45569 elementor-widget elementor-widget-text-editor\" data-id=\"7e45569\" data-element_type=\"widget\" data-widget_type=\"text-editor.default\">\n\t\t\t\t<div class=\"elementor-widget-container\">\n\t\t\t\t\t\t\t\t\t<p>Alle<strong> onze fokkatten<\/strong> zijn FIV\/FELV, PKDef en APR-rdac getest.<\/p><p>Ze profiteren van voedsel van topkwaliteit en een rijke omgeving die sterk bijdraagt aan hun welzijn en gezondheid.<\/p><p>\u00a0<\/p>\t\t\t\t\t\t\t\t<\/div>\n\t\t\t\t<\/div>\n\t\t\t\t\t<\/div>\n\t\t<\/div>\n\t\t\t\t<div class=\"elementor-column elementor-col-50 elementor-top-column elementor-element elementor-element-32c50b1\" data-id=\"32c50b1\" data-element_type=\"column\">\n\t\t\t<div class=\"elementor-widget-wrap elementor-element-populated\">\n\t\t\t\t\t\t<div class=\"elementor-element elementor-element-bd3d9d9 elementor-widget elementor-widget-image\" data-id=\"bd3d9d9\" data-element_type=\"widget\" data-widget_type=\"image.default\">\n\t\t\t\t<div class=\"elementor-widget-container\">\n\t\t\t\t\t\t\t\t\t\t\t\t\t\t\t<img loading=\"lazy\" decoding=\"async\" width=\"300\" height=\"196\" src=\"https:\/\/siberien.envol.ovh\/wp-content\/uploads\/2020\/05\/cat-health-673x440-1-e1590653177559.png\" class=\"attachment-large size-large wp-image-984\" alt=\"\" \/>\t\t\t\t\t\t\t\t\t\t\t\t\t\t\t<\/div>\n\t\t\t\t<\/div>\n\t\t\t\t\t<\/div>\n\t\t<\/div>\n\t\t\t\t\t<\/div>\n\t\t<\/section>\n\t\t\t\t<section class=\"elementor-section elementor-top-section elementor-element elementor-element-2d3d9f6 elementor-section-boxed elementor-section-height-default elementor-section-height-default\" data-id=\"2d3d9f6\" data-element_type=\"section\">\n\t\t\t\t\t\t<div class=\"elementor-container elementor-column-gap-default\">\n\t\t\t\t\t<div class=\"elementor-column elementor-col-100 elementor-top-column elementor-element elementor-element-c2b4b80\" data-id=\"c2b4b80\" data-element_type=\"column\">\n\t\t\t<div class=\"elementor-widget-wrap elementor-element-populated\">\n\t\t\t\t\t\t<div class=\"elementor-element elementor-element-602adb8 elementor-widget elementor-widget-spacer\" data-id=\"602adb8\" data-element_type=\"widget\" data-widget_type=\"spacer.default\">\n\t\t\t\t<div class=\"elementor-widget-container\">\n\t\t\t\t\t\t\t<div class=\"elementor-spacer\">\n\t\t\t<div class=\"elementor-spacer-inner\"><\/div>\n\t\t<\/div>\n\t\t\t\t\t\t<\/div>\n\t\t\t\t<\/div>\n\t\t\t\t\t<\/div>\n\t\t<\/div>\n\t\t\t\t\t<\/div>\n\t\t<\/section>\n\t\t\t\t<section class=\"elementor-section elementor-top-section elementor-element elementor-element-c2dc675 elementor-section-boxed elementor-section-height-default elementor-section-height-default\" data-id=\"c2dc675\" data-element_type=\"section\">\n\t\t\t\t\t\t<div class=\"elementor-container elementor-column-gap-default\">\n\t\t\t\t\t<div class=\"elementor-column elementor-col-100 elementor-top-column elementor-element elementor-element-c27145d\" data-id=\"c27145d\" data-element_type=\"column\">\n\t\t\t<div class=\"elementor-widget-wrap elementor-element-populated\">\n\t\t\t\t\t\t<div class=\"elementor-element elementor-element-68d87fc elementor-widget elementor-widget-image\" data-id=\"68d87fc\" data-element_type=\"widget\" data-widget_type=\"image.default\">\n\t\t\t\t<div class=\"elementor-widget-container\">\n\t\t\t\t\t\t\t\t\t\t\t\t<figure class=\"wp-caption\">\n\t\t\t\t\t\t\t\t\t\t<img loading=\"lazy\" decoding=\"async\" width=\"768\" height=\"865\" src=\"https:\/\/siberien.envol.ovh\/wp-content\/uploads\/2020\/04\/DSC_0150-768x865.jpg\" class=\"attachment-medium_large size-medium_large wp-image-949\" alt=\"\" srcset=\"https:\/\/siberien.envol.ovh\/wp-content\/uploads\/2020\/04\/DSC_0150-e1590653220110.jpg 768w, https:\/\/siberien.envol.ovh\/wp-content\/uploads\/2020\/04\/DSC_0150-266x300.jpg 266w, https:\/\/siberien.envol.ovh\/wp-content\/uploads\/2020\/04\/DSC_0150-909x1024.jpg 909w, https:\/\/siberien.envol.ovh\/wp-content\/uploads\/2020\/04\/DSC_0150-1364x1536.jpg 1364w, https:\/\/siberien.envol.ovh\/wp-content\/uploads\/2020\/04\/DSC_0150-600x676.jpg 600w\" sizes=\"(max-width: 768px) 100vw, 768px\" \/>\t\t\t\t\t\t\t\t\t\t\t<figcaption class=\"widget-image-caption wp-caption-text\">Pikachu, munchkin in bewondering voor de sublieme Siberian Nugget.<\/figcaption>\n\t\t\t\t\t\t\t\t\t\t<\/figure>\n\t\t\t\t\t\t\t\t\t<\/div>\n\t\t\t\t<\/div>\n\t\t\t\t\t<\/div>\n\t\t<\/div>\n\t\t\t\t\t<\/div>\n\t\t<\/section>\n\t\t\t\t<section class=\"elementor-section elementor-top-section elementor-element elementor-element-4934d29 elementor-section-boxed elementor-section-height-default elementor-section-height-default\" data-id=\"4934d29\" data-element_type=\"section\">\n\t\t\t\t\t\t<div class=\"elementor-container elementor-column-gap-default\">\n\t\t\t\t\t<div class=\"elementor-column elementor-col-100 elementor-top-column elementor-element elementor-element-d4f8684\" data-id=\"d4f8684\" data-element_type=\"column\">\n\t\t\t<div class=\"elementor-widget-wrap elementor-element-populated\">\n\t\t\t\t\t\t<div class=\"elementor-element elementor-element-192c7c1 elementor-widget elementor-widget-text-editor\" data-id=\"192c7c1\" data-element_type=\"widget\" data-widget_type=\"text-editor.default\">\n\t\t\t\t<div class=\"elementor-widget-container\">\n\t\t\t\t\t\t\t\t\t<p>We zijn altijd gepassioneerd geweest over <strong>katachtigen<\/strong>Maar de ontdekking van een allergie in onze familie maakte bijna een einde aan deze passie! En zo ontdekten we natuurlijk dit bijzondere ras. Tegenwoordig fokken we ook Munchkins, maar ons favoriete ras is en blijft de Siberische!<\/p><p>Onze cattery wordt door een familie gerund, wat betekent dat onze katten en al onze kittens bij ons wonen. Ze kennen de kinderen, de honden, de andere katten en alle geluiden in huis. Ze leven, slapen en spelen bij ons en raken zo gewend aan het gezinsleven, waardoor de kittens een zeer hoog socialisatieniveau hebben.<\/p><p>Onze katten hebben ook toegang tot een omheinde tuin met een ren, spelletjes en krabpalen.<\/p>\t\t\t\t\t\t\t\t<\/div>\n\t\t\t\t<\/div>\n\t\t\t\t\t<\/div>\n\t\t<\/div>\n\t\t\t\t\t<\/div>\n\t\t<\/section>\n\t\t\t\t<section class=\"elementor-section elementor-top-section elementor-element elementor-element-7b2e3d2 elementor-section-boxed elementor-section-height-default elementor-section-height-default\" data-id=\"7b2e3d2\" data-element_type=\"section\">\n\t\t\t\t\t\t<div class=\"elementor-container elementor-column-gap-default\">\n\t\t\t\t\t<div class=\"elementor-column elementor-col-50 elementor-top-column elementor-element elementor-element-19a0406\" data-id=\"19a0406\" data-element_type=\"column\">\n\t\t\t<div class=\"elementor-widget-wrap elementor-element-populated\">\n\t\t\t\t\t\t<div class=\"elementor-element elementor-element-55fee46 elementor-widget elementor-widget-image\" data-id=\"55fee46\" data-element_type=\"widget\" data-widget_type=\"image.default\">\n\t\t\t\t<div class=\"elementor-widget-container\">\n\t\t\t\t\t\t\t\t\t\t\t\t\t\t\t<img loading=\"lazy\" decoding=\"async\" width=\"848\" height=\"1024\" src=\"https:\/\/siberien.envol.ovh\/wp-content\/uploads\/2020\/04\/20191015_154426-848x1024.jpg\" class=\"attachment-large size-large wp-image-927\" alt=\"\" srcset=\"https:\/\/siberien.envol.ovh\/wp-content\/uploads\/2020\/04\/20191015_154426-848x1024.jpg 848w, https:\/\/siberien.envol.ovh\/wp-content\/uploads\/2020\/04\/20191015_154426-scaled-e1590653239896.jpg 248w, https:\/\/siberien.envol.ovh\/wp-content\/uploads\/2020\/04\/20191015_154426-768x927.jpg 768w, https:\/\/siberien.envol.ovh\/wp-content\/uploads\/2020\/04\/20191015_154426-1272x1536.jpg 1272w, https:\/\/siberien.envol.ovh\/wp-content\/uploads\/2020\/04\/20191015_154426-1696x2048.jpg 1696w, https:\/\/siberien.envol.ovh\/wp-content\/uploads\/2020\/04\/20191015_154426-600x725.jpg 600w\" sizes=\"(max-width: 848px) 100vw, 848px\" \/>\t\t\t\t\t\t\t\t\t\t\t\t\t\t\t<\/div>\n\t\t\t\t<\/div>\n\t\t\t\t\t<\/div>\n\t\t<\/div>\n\t\t\t\t<div class=\"elementor-column elementor-col-50 elementor-top-column elementor-element elementor-element-3bbcd4f\" data-id=\"3bbcd4f\" data-element_type=\"column\">\n\t\t\t<div class=\"elementor-widget-wrap elementor-element-populated\">\n\t\t\t\t\t\t<div class=\"elementor-element elementor-element-9e2da8c elementor-widget elementor-widget-text-editor\" data-id=\"9e2da8c\" data-element_type=\"widget\" data-widget_type=\"text-editor.default\">\n\t\t\t\t<div class=\"elementor-widget-container\">\n\t\t\t\t\t\t\t\t\t<p>Het leven is zwaar thuis!<\/p>\t\t\t\t\t\t\t\t<\/div>\n\t\t\t\t<\/div>\n\t\t\t\t\t<\/div>\n\t\t<\/div>\n\t\t\t\t\t<\/div>\n\t\t<\/section>\n\t\t\t\t<section class=\"elementor-section elementor-top-section elementor-element elementor-element-def0370 elementor-section-content-middle elementor-section-boxed elementor-section-height-default elementor-section-height-default\" data-id=\"def0370\" data-element_type=\"section\" data-settings=\"{&quot;background_background&quot;:&quot;classic&quot;}\">\n\t\t\t\t\t\t\t<div class=\"elementor-background-overlay\"><\/div>\n\t\t\t\t\t\t\t<div class=\"elementor-container elementor-column-gap-no\">\n\t\t\t\t\t<div class=\"elementor-column elementor-col-50 elementor-top-column elementor-element elementor-element-a4cdfd2\" data-id=\"a4cdfd2\" data-element_type=\"column\">\n\t\t\t<div class=\"elementor-widget-wrap elementor-element-populated\">\n\t\t\t\t\t\t<div class=\"elementor-element elementor-element-4b5c006 elementor-widget elementor-widget-heading\" data-id=\"4b5c006\" data-element_type=\"widget\" data-widget_type=\"heading.default\">\n\t\t\t\t<div class=\"elementor-widget-container\">\n\t\t\t\t\t<h3 class=\"elementor-heading-title elementor-size-default\">Interesse in het adopteren van een Siberisch kitten?<\/h3>\t\t\t\t<\/div>\n\t\t\t\t<\/div>\n\t\t\t\t<div class=\"elementor-element elementor-element-1853dde elementor-widget elementor-widget-text-editor\" data-id=\"1853dde\" data-element_type=\"widget\" data-widget_type=\"text-editor.default\">\n\t\t\t\t<div class=\"elementor-widget-container\">\n\t\t\t\t\t\t\t\t\t<p>Kom kijken of we op dit moment kittens beschikbaar hebben. <\/p>\t\t\t\t\t\t\t\t<\/div>\n\t\t\t\t<\/div>\n\t\t\t\t\t<\/div>\n\t\t<\/div>\n\t\t\t\t<div class=\"elementor-column elementor-col-50 elementor-top-column elementor-element elementor-element-186eec9\" data-id=\"186eec9\" data-element_type=\"column\">\n\t\t\t<div class=\"elementor-widget-wrap elementor-element-populated\">\n\t\t\t\t\t\t<div class=\"elementor-element elementor-element-b28e3b6 elementor-align-center elementor-mobile-align-center elementor-tablet-align-right elementor-widget elementor-widget-button\" data-id=\"b28e3b6\" data-element_type=\"widget\" data-widget_type=\"button.default\">\n\t\t\t\t<div class=\"elementor-widget-container\">\n\t\t\t\t\t\t\t\t\t<div class=\"elementor-button-wrapper\">\n\t\t\t\t\t<a class=\"elementor-button elementor-button-link elementor-size-md\" href=\"https:\/\/siberien.envol.ovh\/nl\/katten-beschikbaar\/\">\n\t\t\t\t\t\t<span class=\"elementor-button-content-wrapper\">\n\t\t\t\t\t\t\t\t\t<span class=\"elementor-button-text\">Klik hier<\/span>\n\t\t\t\t\t<\/span>\n\t\t\t\t\t<\/a>\n\t\t\t\t<\/div>\n\t\t\t\t\t\t\t\t<\/div>\n\t\t\t\t<\/div>\n\t\t\t\t\t<\/div>\n\t\t<\/div>\n\t\t\t\t\t<\/div>\n\t\t<\/section>\n\t\t\t\t<\/div>","protected":false},"excerpt":{"rendered":"<p>Onze cattery Deze cattery is de weerspiegeling van onze passie en alle liefde die we geven aan onze katten die volwaardige leden van onze familie zijn. Kom en ontdek onze wereld. Met liefde gefokte katten van hoge kwaliteit De Siberische kat bestaat in twee versies: de Traditional en de Neva ...<\/p>\n<p class=\"read-more\"> <a class=\"\" href=\"https:\/\/siberien.envol.ovh\/nl\/notre-elevage\/\"> <span class=\"screen-reader-text\">Onze fokkerij<\/span> Lees meer \"<\/a><\/p>","protected":false},"author":1,"featured_media":0,"parent":0,"menu_order":0,"comment_status":"closed","ping_status":"closed","template":"","meta":{"site-sidebar-layout":"no-sidebar","site-content-layout":"page-builder","ast-site-content-layout":"","site-content-style":"default","site-sidebar-style":"default","ast-global-header-display":"","ast-banner-title-visibility":"","ast-main-header-display":"","ast-hfb-above-header-display":"","ast-hfb-below-header-display":"","ast-hfb-mobile-header-display":"","site-post-title":"disabled","ast-breadcrumbs-content":"","ast-featured-img":"disabled","footer-sml-layout":"","theme-transparent-header-meta":"enabled","adv-header-id-meta":"","stick-header-meta":"","header-above-stick-meta":"","header-main-stick-meta":"","header-below-stick-meta":"","astra-migrate-meta-layouts":"","ast-page-background-enabled":"default","ast-page-background-meta":{"desktop":{"background-color":"","background-image":"","background-repeat":"repeat","background-position":"center center","background-size":"auto","background-attachment":"scroll","background-type":"","background-media":"","overlay-type":"","overlay-color":"","overlay-gradient":""},"tablet":{"background-color":"","background-image":"","background-repeat":"repeat","background-position":"center center","background-size":"auto","background-attachment":"scroll","background-type":"","background-media":"","overlay-type":"","overlay-color":"","overlay-gradient":""},"mobile":{"background-color":"","background-image":"","background-repeat":"repeat","background-position":"center center","background-size":"auto","background-attachment":"scroll","background-type":"","background-media":"","overlay-type":"","overlay-color":"","overlay-gradient":""}},"ast-content-background-meta":{"desktop":{"background-color":"var(--ast-global-color-5)","background-image":"","background-repeat":"repeat","background-position":"center center","background-size":"auto","background-attachment":"scroll","background-type":"","background-media":"","overlay-type":"","overlay-color":"","overlay-gradient":""},"tablet":{"background-color":"var(--ast-global-color-5)","background-image":"","background-repeat":"repeat","background-position":"center center","background-size":"auto","background-attachment":"scroll","background-type":"","background-media":"","overlay-type":"","overlay-color":"","overlay-gradient":""},"mobile":{"background-color":"var(--ast-global-color-5)","background-image":"","background-repeat":"repeat","background-position":"center center","background-size":"auto","background-attachment":"scroll","background-type":"","background-media":"","overlay-type":"","overlay-color":"","overlay-gradient":""}},"footnotes":""},"class_list":["post-977","page","type-page","status-publish","hentry"],"_links":{"self":[{"href":"https:\/\/siberien.envol.ovh\/nl\/wp-json\/wp\/v2\/pages\/977","targetHints":{"allow":["GET"]}}],"collection":[{"href":"https:\/\/siberien.envol.ovh\/nl\/wp-json\/wp\/v2\/pages"}],"about":[{"href":"https:\/\/siberien.envol.ovh\/nl\/wp-json\/wp\/v2\/types\/page"}],"author":[{"embeddable":true,"href":"https:\/\/siberien.envol.ovh\/nl\/wp-json\/wp\/v2\/users\/1"}],"replies":[{"embeddable":true,"href":"https:\/\/siberien.envol.ovh\/nl\/wp-json\/wp\/v2\/comments?post=977"}],"version-history":[{"count":3,"href":"https:\/\/siberien.envol.ovh\/nl\/wp-json\/wp\/v2\/pages\/977\/revisions"}],"predecessor-version":[{"id":4703,"href":"https:\/\/siberien.envol.ovh\/nl\/wp-json\/wp\/v2\/pages\/977\/revisions\/4703"}],"wp:attachment":[{"href":"https:\/\/siberien.envol.ovh\/nl\/wp-json\/wp\/v2\/media?parent=977"}],"curies":[{"name":"wp","href":"https:\/\/api.w.org\/{rel}","templated":true}]}}