{"id":1175,"date":"2020-05-18T17:47:42","date_gmt":"2020-05-18T15:47:42","guid":{"rendered":"https:\/\/munchkin.envol-centre-equestre.com\/?page_id=1175"},"modified":"2026-04-23T18:21:55","modified_gmt":"2026-04-23T16:21:55","slug":"chatons-disponibles","status":"publish","type":"page","link":"https:\/\/siberien.envol.ovh\/nl\/katten-beschikbaar\/","title":{"rendered":"Siberische kittens beschikbaar"},"content":{"rendered":"<div data-elementor-type=\"wp-post\" data-elementor-id=\"1175\" class=\"elementor elementor-1175\" data-elementor-post-type=\"page\">\n\t\t\t\t\t\t<section class=\"elementor-section elementor-top-section elementor-element elementor-element-2cd009c elementor-section-height-min-height elementor-section-content-middle elementor-section-boxed elementor-section-height-default elementor-section-items-middle\" data-id=\"2cd009c\" data-element_type=\"section\" data-settings=\"{&quot;background_background&quot;:&quot;classic&quot;}\">\n\t\t\t\t\t\t\t<div class=\"elementor-background-overlay\"><\/div>\n\t\t\t\t\t\t\t<div class=\"elementor-container elementor-column-gap-default\">\n\t\t\t\t\t<div class=\"elementor-column elementor-col-100 elementor-top-column elementor-element elementor-element-eaf9918\" data-id=\"eaf9918\" data-element_type=\"column\">\n\t\t\t<div class=\"elementor-widget-wrap elementor-element-populated\">\n\t\t\t\t\t\t<div class=\"elementor-element elementor-element-30819d6 elementor-widget elementor-widget-heading\" data-id=\"30819d6\" data-element_type=\"widget\" data-widget_type=\"heading.default\">\n\t\t\t\t<div class=\"elementor-widget-container\">\n\t\t\t\t\t<h1 class=\"elementor-heading-title elementor-size-default\">Beschikbare kittens<\/h1>\t\t\t\t<\/div>\n\t\t\t\t<\/div>\n\t\t\t\t\t<\/div>\n\t\t<\/div>\n\t\t\t\t\t<\/div>\n\t\t<\/section>\n\t\t\t\t<section class=\"elementor-section elementor-top-section elementor-element elementor-element-6eada21 elementor-section-boxed elementor-section-height-default elementor-section-height-default\" data-id=\"6eada21\" data-element_type=\"section\">\n\t\t\t\t\t\t<div class=\"elementor-container elementor-column-gap-default\">\n\t\t\t\t\t<div class=\"elementor-column elementor-col-100 elementor-top-column elementor-element elementor-element-4c66129\" data-id=\"4c66129\" data-element_type=\"column\">\n\t\t\t<div class=\"elementor-widget-wrap elementor-element-populated\">\n\t\t\t\t\t\t<div class=\"elementor-element elementor-element-7dd5c96 elementor-widget elementor-widget-heading\" data-id=\"7dd5c96\" data-element_type=\"widget\" data-widget_type=\"heading.default\">\n\t\t\t\t<div class=\"elementor-widget-container\">\n\t\t\t\t\t<h2 class=\"elementor-heading-title elementor-size-default\">Over onze Siberische kittens<\/h2>\t\t\t\t<\/div>\n\t\t\t\t<\/div>\n\t\t\t\t\t<\/div>\n\t\t<\/div>\n\t\t\t\t\t<\/div>\n\t\t<\/section>\n\t\t\t\t<section class=\"elementor-section elementor-top-section elementor-element elementor-element-231711f elementor-section-boxed elementor-section-height-default elementor-section-height-default\" data-id=\"231711f\" data-element_type=\"section\">\n\t\t\t\t\t\t<div class=\"elementor-container elementor-column-gap-default\">\n\t\t\t\t\t<div class=\"elementor-column elementor-col-100 elementor-top-column elementor-element elementor-element-1663c8b\" data-id=\"1663c8b\" data-element_type=\"column\">\n\t\t\t<div class=\"elementor-widget-wrap elementor-element-populated\">\n\t\t\t\t\t\t<div class=\"elementor-element elementor-element-f08a322 elementor-widget elementor-widget-text-editor\" data-id=\"f08a322\" data-element_type=\"widget\" data-widget_type=\"text-editor.default\">\n\t\t\t\t<div class=\"elementor-widget-container\">\n\t\t\t\t\t\t\t\t\t<div><div><div><h3><b> Wat is een kitten van L'Envol Sib\u00e9rien? <\/b><\/h3><p>Een L'Envol Sib\u00e9rien kitten is een kitten dat veel liefde heeft gekregen en dat je zal verleiden, zowel door zijn innemende en aanhankelijke gedrag als door zijn schoonheid! Als je op zoek bent naar een Siberisch kitten van hoge kwaliteit dat zich echt onderscheidt van de massa, dan is L'Envol Sib\u00e9rien ongetwijfeld de juiste keuze voor jou.<\/p><div><div><div><h3><b> Uitstekende kwaliteit <\/b><\/h3><p>Om de mooist denkbare Siberische kittens te krijgen, moet je eerst de mooist denkbare katten hebben! Neem de tijd om te kijken naar <a href=\"https:\/\/siberien.envol.ovh\/nl\/onze-siberische-katten\/\">onze Siberische katten fokken<\/a>. Ze zijn gewoon adembenemend! We werken heel hard om alleen uitzonderlijke katten te selecteren, en dit wordt direct weerspiegeld in de kwaliteit van onze kittens die te koop zijn.<\/p><\/div><\/div><div><div><h3><b> Gezondheid <\/b><\/h3><p>Al onze fokkatten ondergaan een reeks gezondheidstesten om verschillende mogelijke ziektes op te sporen. Deze maatregelen voorkomen veel problemen voor onze katten, onze Siberische kittens die te koop zijn en hun potenti\u00eble eigenaren.<\/p><p class=\"p1\"><span class=\"s1\"> We zijn er trots op een cattery te zijn die negatief getest is op de volgende ziektes en gezondheidsproblemen: <\/span><\/p><ul><li class=\"p2\"><strong><span class=\"s1\"> FiV\/FeLV (AIDS\/leukemie) <\/span><\/strong><\/li><li class=\"p2\"><strong><span class=\"s1\"> PK-defici\u00ebntie (bloedarmoede) <\/span><\/strong><\/li><li class=\"p2\"><strong><span class=\"s1\">APR-rdac (progressieve retinale atrofie van de ogen) <\/span><\/strong><\/li><li class=\"p2\"><strong><span class=\"s1\"> Tritrichomonas (darmparasieten) <\/span><\/strong><\/li><li class=\"p2\"><strong><span class=\"s1\"> Giardia (darmparasieten) <\/span><\/strong><\/li><li class=\"p2\"><strong><span class=\"s1\"> Coccidiose (darmparasieten) <\/span><\/strong><\/li><\/ul><\/div><\/div><\/div><div><div><div><h3><b> Temperament <\/b><\/h3><p>Het temperament van het Siberische kitten dat je gaat kopen is van het grootste belang, want dit is wat jouw band van gehechtheid en liefde voor het kitten zal bepalen. Wil een Siberische kat zachtaardig en aanhankelijk zijn, dan moet hij van jongs af aan gesocialiseerd en geaaid zijn. De eerste maanden bij de fokker zijn heel belangrijk. Bij L'Envol Sib\u00e9rien worden onze baby's geboren en grootgebracht in het hart van ons huis. Ze krijgen veel liefde en worden op elk moment van de dag geknuffeld, dus zoals je je kunt voorstellen gaat hun socialisatie wonderwel goed. Onze Siberische kittens te koop zijn gewoonweg aanbiddelijk.<\/p><p>En omdat temperament vaak erfelijk is, selecteren we Siberische katten met het best mogelijke gedrag. Dat maakt het verschil.<\/p><\/div><\/div><\/div><\/div><\/div><\/div>\t\t\t\t\t\t\t\t<\/div>\n\t\t\t\t<\/div>\n\t\t\t\t\t<\/div>\n\t\t<\/div>\n\t\t\t\t\t<\/div>\n\t\t<\/section>\n\t\t\t\t<section class=\"elementor-section elementor-top-section elementor-element elementor-element-4dc3492 elementor-section-boxed elementor-section-height-default elementor-section-height-default\" data-id=\"4dc3492\" data-element_type=\"section\">\n\t\t\t\t\t\t<div class=\"elementor-container elementor-column-gap-default\">\n\t\t\t\t\t<div class=\"elementor-column elementor-col-100 elementor-top-column elementor-element elementor-element-fb182ac\" data-id=\"fb182ac\" data-element_type=\"column\">\n\t\t\t<div class=\"elementor-widget-wrap elementor-element-populated\">\n\t\t\t\t\t\t<div class=\"elementor-element elementor-element-24ae276 elementor-widget elementor-widget-heading\" data-id=\"24ae276\" data-element_type=\"widget\" data-widget_type=\"heading.default\">\n\t\t\t\t<div class=\"elementor-widget-container\">\n\t\t\t\t\t<h2 class=\"elementor-heading-title elementor-size-default\">Beschikbare kittens<\/h2>\t\t\t\t<\/div>\n\t\t\t\t<\/div>\n\t\t\t\t\t<\/div>\n\t\t<\/div>\n\t\t\t\t\t<\/div>\n\t\t<\/section>\n\t\t<div class=\"elementor-element elementor-element-d3d7220 e-flex e-con-boxed e-con e-parent\" data-id=\"d3d7220\" data-element_type=\"container\">\n\t\t\t\t\t<div class=\"e-con-inner\">\n\t\t<div class=\"elementor-element elementor-element-b2c3775 e-con-full e-flex e-con e-child\" data-id=\"b2c3775\" data-element_type=\"container\">\n\t\t\t\t<div class=\"elementor-element elementor-element-6f35e88 elementor-widget elementor-widget-image\" data-id=\"6f35e88\" data-element_type=\"widget\" data-widget_type=\"image.default\">\n\t\t\t\t<div class=\"elementor-widget-container\">\n\t\t\t\t\t\t\t\t\t\t\t\t\t\t\t<img fetchpriority=\"high\" decoding=\"async\" width=\"512\" height=\"225\" src=\"https:\/\/siberien.envol.ovh\/wp-content\/uploads\/2025\/01\/00unnamed.png\" class=\"attachment-large size-large wp-image-5739\" alt=\"\" srcset=\"https:\/\/siberien.envol.ovh\/wp-content\/uploads\/2025\/01\/00unnamed.png 512w, https:\/\/siberien.envol.ovh\/wp-content\/uploads\/2025\/01\/00unnamed-300x132.png 300w, https:\/\/siberien.envol.ovh\/wp-content\/uploads\/2025\/01\/00unnamed-18x8.png 18w\" sizes=\"(max-width: 512px) 100vw, 512px\" \/>\t\t\t\t\t\t\t\t\t\t\t\t\t\t\t<\/div>\n\t\t\t\t<\/div>\n\t\t\t\t<\/div>\n\t\t<div class=\"elementor-element elementor-element-35813c3 e-con-full e-flex e-con e-child\" data-id=\"35813c3\" data-element_type=\"container\">\n\t\t\t\t<div class=\"elementor-element elementor-element-f2b2938 elementor-widget elementor-widget-text-editor\" data-id=\"f2b2938\" data-element_type=\"widget\" data-widget_type=\"text-editor.default\">\n\t\t\t\t<div class=\"elementor-widget-container\">\n\t\t\t\t\t\t\t\t\t<p>Vahina et Holms sont parents de 4 adorables chatons n\u00e9s le 31\/3<\/p><p>1 petit m\u00e2le blue tabby<\/p><p>2 petites femelles blue tabby<\/p><p>Et 1 petite femelle brown tabby<\/p><p>Tarif : 2500\u20ac<\/p><p>Plus d&rsquo;info et vid\u00e9os par t\u00e9l\u00e9phone ou whatsapp au +33 6 52 23 82 77<\/p><p>Photos \u00e0 partir de fin avril &#8211; d\u00e9but mai<\/p>\t\t\t\t\t\t\t\t<\/div>\n\t\t\t\t<\/div>\n\t\t\t\t<\/div>\n\t\t\t\t\t<\/div>\n\t\t\t\t<\/div>\n\t\t\t\t<section class=\"elementor-section elementor-top-section elementor-element elementor-element-def0370 elementor-section-content-middle elementor-section-boxed elementor-section-height-default elementor-section-height-default\" data-id=\"def0370\" data-element_type=\"section\" data-settings=\"{&quot;background_background&quot;:&quot;classic&quot;}\">\n\t\t\t\t\t\t\t<div class=\"elementor-background-overlay\"><\/div>\n\t\t\t\t\t\t\t<div class=\"elementor-container elementor-column-gap-no\">\n\t\t\t\t\t<div class=\"elementor-column elementor-col-50 elementor-top-column elementor-element elementor-element-a4cdfd2\" data-id=\"a4cdfd2\" data-element_type=\"column\">\n\t\t\t<div class=\"elementor-widget-wrap elementor-element-populated\">\n\t\t\t\t\t\t<div class=\"elementor-element elementor-element-4b5c006 elementor-widget elementor-widget-heading\" data-id=\"4b5c006\" data-element_type=\"widget\" data-widget_type=\"heading.default\">\n\t\t\t\t<div class=\"elementor-widget-container\">\n\t\t\t\t\t<h3 class=\"elementor-heading-title elementor-size-default\">Interesse in het adopteren van een Siberisch kitten?<\/h3>\t\t\t\t<\/div>\n\t\t\t\t<\/div>\n\t\t\t\t<div class=\"elementor-element elementor-element-1853dde elementor-widget elementor-widget-text-editor\" data-id=\"1853dde\" data-element_type=\"widget\" data-widget_type=\"text-editor.default\">\n\t\t\t\t<div class=\"elementor-widget-container\">\n\t\t\t\t\t\t\t\t\t<p>Neem nu contact met ons op!<\/p>\t\t\t\t\t\t\t\t<\/div>\n\t\t\t\t<\/div>\n\t\t\t\t\t<\/div>\n\t\t<\/div>\n\t\t\t\t<div class=\"elementor-column elementor-col-50 elementor-top-column elementor-element elementor-element-186eec9\" data-id=\"186eec9\" data-element_type=\"column\">\n\t\t\t<div class=\"elementor-widget-wrap elementor-element-populated\">\n\t\t\t\t\t\t<div class=\"elementor-element elementor-element-b28e3b6 elementor-align-center elementor-mobile-align-center elementor-tablet-align-right elementor-widget elementor-widget-button\" data-id=\"b28e3b6\" data-element_type=\"widget\" data-widget_type=\"button.default\">\n\t\t\t\t<div class=\"elementor-widget-container\">\n\t\t\t\t\t\t\t\t\t<div class=\"elementor-button-wrapper\">\n\t\t\t\t\t<a class=\"elementor-button elementor-button-link elementor-size-md\" href=\"https:\/\/siberien.envol.ovh\/nl\/neem-contact-op-met\/\">\n\t\t\t\t\t\t<span class=\"elementor-button-content-wrapper\">\n\t\t\t\t\t\t\t\t\t<span class=\"elementor-button-text\">Klik hier<\/span>\n\t\t\t\t\t<\/span>\n\t\t\t\t\t<\/a>\n\t\t\t\t<\/div>\n\t\t\t\t\t\t\t\t<\/div>\n\t\t\t\t<\/div>\n\t\t\t\t\t<\/div>\n\t\t<\/div>\n\t\t\t\t\t<\/div>\n\t\t<\/section>\n\t\t\t\t<section class=\"elementor-section elementor-top-section elementor-element elementor-element-43f9c84 elementor-section-boxed elementor-section-height-default elementor-section-height-default\" data-id=\"43f9c84\" data-element_type=\"section\">\n\t\t\t\t\t\t<div class=\"elementor-container elementor-column-gap-default\">\n\t\t\t\t\t<div class=\"elementor-column elementor-col-100 elementor-top-column elementor-element elementor-element-357bd6a\" data-id=\"357bd6a\" data-element_type=\"column\">\n\t\t\t<div class=\"elementor-widget-wrap elementor-element-populated\">\n\t\t\t\t\t\t<div class=\"elementor-element elementor-element-546bbce elementor-widget-divider--view-line elementor-widget elementor-widget-divider\" data-id=\"546bbce\" data-element_type=\"widget\" data-widget_type=\"divider.default\">\n\t\t\t\t<div class=\"elementor-widget-container\">\n\t\t\t\t\t\t\t<div class=\"elementor-divider\">\n\t\t\t<span class=\"elementor-divider-separator\">\n\t\t\t\t\t\t<\/span>\n\t\t<\/div>\n\t\t\t\t\t\t<\/div>\n\t\t\t\t<\/div>\n\t\t\t\t\t<\/div>\n\t\t<\/div>\n\t\t\t\t\t<\/div>\n\t\t<\/section>\n\t\t\t\t<\/div>","protected":false},"excerpt":{"rendered":"<p>Beschikbare kittens Over onze Siberische kittens Wat is een L'Envol Sib\u00e9rien kitten? Een L'Envol Siberisch kitten is een kitten dat veel liefde heeft gekregen en dat je zal verleiden, zowel door zijn vertederende en aanhankelijke gedrag als door zijn schoonheid! Als je op zoek bent naar een Siberisch kitten van hoge kwaliteit dat echt opvalt ...<\/p>\n<p class=\"read-more\"> <a class=\"\" href=\"https:\/\/siberien.envol.ovh\/nl\/katten-beschikbaar\/\"> <span class=\"screen-reader-text\">Siberische kittens beschikbaar<\/span> Lees meer \"<\/a><\/p>","protected":false},"author":1,"featured_media":0,"parent":0,"menu_order":0,"comment_status":"closed","ping_status":"closed","template":"","meta":{"site-sidebar-layout":"no-sidebar","site-content-layout":"page-builder","ast-site-content-layout":"","site-content-style":"default","site-sidebar-style":"default","ast-global-header-display":"","ast-banner-title-visibility":"","ast-main-header-display":"","ast-hfb-above-header-display":"","ast-hfb-below-header-display":"","ast-hfb-mobile-header-display":"","site-post-title":"disabled","ast-breadcrumbs-content":"","ast-featured-img":"disabled","footer-sml-layout":"","theme-transparent-header-meta":"enabled","adv-header-id-meta":"","stick-header-meta":"","header-above-stick-meta":"","header-main-stick-meta":"","header-below-stick-meta":"","astra-migrate-meta-layouts":"","ast-page-background-enabled":"default","ast-page-background-meta":{"desktop":{"background-color":"","background-image":"","background-repeat":"repeat","background-position":"center center","background-size":"auto","background-attachment":"scroll","background-type":"","background-media":"","overlay-type":"","overlay-color":"","overlay-gradient":""},"tablet":{"background-color":"","background-image":"","background-repeat":"repeat","background-position":"center center","background-size":"auto","background-attachment":"scroll","background-type":"","background-media":"","overlay-type":"","overlay-color":"","overlay-gradient":""},"mobile":{"background-color":"","background-image":"","background-repeat":"repeat","background-position":"center center","background-size":"auto","background-attachment":"scroll","background-type":"","background-media":"","overlay-type":"","overlay-color":"","overlay-gradient":""}},"ast-content-background-meta":{"desktop":{"background-color":"var(--ast-global-color-5)","background-image":"","background-repeat":"repeat","background-position":"center center","background-size":"auto","background-attachment":"scroll","background-type":"","background-media":"","overlay-type":"","overlay-color":"","overlay-gradient":""},"tablet":{"background-color":"var(--ast-global-color-5)","background-image":"","background-repeat":"repeat","background-position":"center center","background-size":"auto","background-attachment":"scroll","background-type":"","background-media":"","overlay-type":"","overlay-color":"","overlay-gradient":""},"mobile":{"background-color":"var(--ast-global-color-5)","background-image":"","background-repeat":"repeat","background-position":"center center","background-size":"auto","background-attachment":"scroll","background-type":"","background-media":"","overlay-type":"","overlay-color":"","overlay-gradient":""}},"footnotes":""},"class_list":["post-1175","page","type-page","status-publish","hentry"],"_links":{"self":[{"href":"https:\/\/siberien.envol.ovh\/nl\/wp-json\/wp\/v2\/pages\/1175","targetHints":{"allow":["GET"]}}],"collection":[{"href":"https:\/\/siberien.envol.ovh\/nl\/wp-json\/wp\/v2\/pages"}],"about":[{"href":"https:\/\/siberien.envol.ovh\/nl\/wp-json\/wp\/v2\/types\/page"}],"author":[{"embeddable":true,"href":"https:\/\/siberien.envol.ovh\/nl\/wp-json\/wp\/v2\/users\/1"}],"replies":[{"embeddable":true,"href":"https:\/\/siberien.envol.ovh\/nl\/wp-json\/wp\/v2\/comments?post=1175"}],"version-history":[{"count":3,"href":"https:\/\/siberien.envol.ovh\/nl\/wp-json\/wp\/v2\/pages\/1175\/revisions"}],"predecessor-version":[{"id":6585,"href":"https:\/\/siberien.envol.ovh\/nl\/wp-json\/wp\/v2\/pages\/1175\/revisions\/6585"}],"wp:attachment":[{"href":"https:\/\/siberien.envol.ovh\/nl\/wp-json\/wp\/v2\/media?parent=1175"}],"curies":[{"name":"wp","href":"https:\/\/api.w.org\/{rel}","templated":true}]}}