{"id":977,"date":"2020-05-01T19:00:33","date_gmt":"2020-05-01T17:00:33","guid":{"rendered":"https:\/\/munchkin.envol-centre-equestre.com\/?page_id=977"},"modified":"2023-12-18T10:52:37","modified_gmt":"2023-12-18T09:52:37","slug":"notre-elevage","status":"publish","type":"page","link":"https:\/\/siberien.envol.ovh\/it\/notre-elevage\/","title":{"rendered":"Il nostro allevamento"},"content":{"rendered":"<div data-elementor-type=\"wp-post\" data-elementor-id=\"977\" class=\"elementor elementor-977\" data-elementor-post-type=\"page\">\n\t\t\t\t\t\t<section class=\"elementor-section elementor-top-section elementor-element elementor-element-2cd009c elementor-section-height-min-height elementor-section-content-middle elementor-section-boxed elementor-section-height-default elementor-section-items-middle\" data-id=\"2cd009c\" data-element_type=\"section\" data-settings=\"{&quot;background_background&quot;:&quot;classic&quot;}\">\n\t\t\t\t\t\t\t<div class=\"elementor-background-overlay\"><\/div>\n\t\t\t\t\t\t\t<div class=\"elementor-container elementor-column-gap-default\">\n\t\t\t\t\t<div class=\"elementor-column elementor-col-100 elementor-top-column elementor-element elementor-element-eaf9918\" data-id=\"eaf9918\" data-element_type=\"column\">\n\t\t\t<div class=\"elementor-widget-wrap elementor-element-populated\">\n\t\t\t\t\t\t<div class=\"elementor-element elementor-element-30819d6 elementor-widget elementor-widget-heading\" data-id=\"30819d6\" data-element_type=\"widget\" data-widget_type=\"heading.default\">\n\t\t\t\t<div class=\"elementor-widget-container\">\n\t\t\t\t\t<h1 class=\"elementor-heading-title elementor-size-default\">Il nostro allevamento<\/h1>\t\t\t\t<\/div>\n\t\t\t\t<\/div>\n\t\t\t\t<div class=\"elementor-element elementor-element-86f923c elementor-widget elementor-widget-text-editor\" data-id=\"86f923c\" data-element_type=\"widget\" data-widget_type=\"text-editor.default\">\n\t\t\t\t<div class=\"elementor-widget-container\">\n\t\t\t\t\t\t\t\t\t<p>Questo gattile \u00e8 il riflesso della nostra passione e di tutto l'amore che diamo ai nostri gatti, che sono membri a pieno titolo della nostra famiglia. Venite a scoprire il nostro mondo.<\/p>\t\t\t\t\t\t\t\t<\/div>\n\t\t\t\t<\/div>\n\t\t\t\t\t<\/div>\n\t\t<\/div>\n\t\t\t\t\t<\/div>\n\t\t<\/section>\n\t\t\t\t<section class=\"elementor-section elementor-top-section elementor-element elementor-element-6eada21 elementor-section-boxed elementor-section-height-default elementor-section-height-default\" data-id=\"6eada21\" data-element_type=\"section\">\n\t\t\t\t\t\t<div class=\"elementor-container elementor-column-gap-default\">\n\t\t\t\t\t<div class=\"elementor-column elementor-col-100 elementor-top-column elementor-element elementor-element-4c66129\" data-id=\"4c66129\" data-element_type=\"column\">\n\t\t\t<div class=\"elementor-widget-wrap elementor-element-populated\">\n\t\t\t\t\t\t<div class=\"elementor-element elementor-element-7dd5c96 elementor-widget elementor-widget-heading\" data-id=\"7dd5c96\" data-element_type=\"widget\" data-widget_type=\"heading.default\">\n\t\t\t\t<div class=\"elementor-widget-container\">\n\t\t\t\t\t<h2 class=\"elementor-heading-title elementor-size-default\">Gatti di alta qualit\u00e0 allevati con amore<\/h2>\t\t\t\t<\/div>\n\t\t\t\t<\/div>\n\t\t\t\t\t<\/div>\n\t\t<\/div>\n\t\t\t\t\t<\/div>\n\t\t<\/section>\n\t\t\t\t<section class=\"elementor-section elementor-top-section elementor-element elementor-element-b9a0db7 elementor-section-boxed elementor-section-height-default elementor-section-height-default\" data-id=\"b9a0db7\" data-element_type=\"section\">\n\t\t\t\t\t\t<div class=\"elementor-container elementor-column-gap-default\">\n\t\t\t\t\t<div class=\"elementor-column elementor-col-50 elementor-top-column elementor-element elementor-element-c4bec91\" data-id=\"c4bec91\" data-element_type=\"column\">\n\t\t\t<div class=\"elementor-widget-wrap elementor-element-populated\">\n\t\t\t\t\t\t<div class=\"elementor-element elementor-element-60cbf04 elementor-widget elementor-widget-text-editor\" data-id=\"60cbf04\" data-element_type=\"widget\" data-widget_type=\"text-editor.default\">\n\t\t\t\t<div class=\"elementor-widget-container\">\n\t\t\t\t\t\t\t\t\t<p>Il gatto siberiano esiste in due versioni: <strong>Tradizionale e Neva Masquerade. <\/strong><\/p><p>In realt\u00e0, solo il colore differisce, poich\u00e9 il Neva Masquerade ha un mantello colourpoint, cio\u00e8 nasce bianco e poi le sue estremit\u00e0 pi\u00f9 fredde diventano colorate. Gli occhi sono inevitabilmente blu.<\/p><p>Il Siberiano tradizionale presenta tutti gli altri colori con un motivo tabby (a strisce) o solido (a tinta unita).<\/p><p>Abbiamo creato le due versioni per offrirvi la pi\u00f9 ampia scelta di colori possibile. Da Envol Sib\u00e9rien, ce n'\u00e8 per tutti i gusti!<\/p><p>\u00a0<\/p>\t\t\t\t\t\t\t\t<\/div>\n\t\t\t\t<\/div>\n\t\t\t\t\t<\/div>\n\t\t<\/div>\n\t\t\t\t<div class=\"elementor-column elementor-col-50 elementor-top-column elementor-element elementor-element-cbe7b83\" data-id=\"cbe7b83\" data-element_type=\"column\">\n\t\t\t<div class=\"elementor-widget-wrap elementor-element-populated\">\n\t\t\t\t\t\t<div class=\"elementor-element elementor-element-bc84ffc elementor-widget elementor-widget-image\" data-id=\"bc84ffc\" data-element_type=\"widget\" data-widget_type=\"image.default\">\n\t\t\t\t<div class=\"elementor-widget-container\">\n\t\t\t\t\t\t\t\t\t\t\t\t<figure class=\"wp-caption\">\n\t\t\t\t\t\t\t\t\t\t<img fetchpriority=\"high\" decoding=\"async\" width=\"1024\" height=\"683\" src=\"https:\/\/siberien.envol.ovh\/wp-content\/uploads\/2020\/04\/Princess-Ariel-Lyumur-3-1024x683.jpg\" class=\"attachment-large size-large wp-image-864\" alt=\"\" srcset=\"https:\/\/siberien.envol.ovh\/wp-content\/uploads\/2020\/04\/Princess-Ariel-Lyumur-3-1024x683.jpg 1024w, https:\/\/siberien.envol.ovh\/wp-content\/uploads\/2020\/04\/Princess-Ariel-Lyumur-3-600x400.jpg 600w, https:\/\/siberien.envol.ovh\/wp-content\/uploads\/2020\/04\/Princess-Ariel-Lyumur-3-300x200.jpg 300w, https:\/\/siberien.envol.ovh\/wp-content\/uploads\/2020\/04\/Princess-Ariel-Lyumur-3-768x512.jpg 768w, https:\/\/siberien.envol.ovh\/wp-content\/uploads\/2020\/04\/Princess-Ariel-Lyumur-3.jpg 1200w\" sizes=\"(max-width: 1024px) 100vw, 1024px\" \/>\t\t\t\t\t\t\t\t\t\t\t<figcaption class=\"widget-image-caption wp-caption-text\">La nostra Ariel quando era ancora una gattina: si pu\u00f2 notare che le punte iniziano a scurirsi. Ma \u00e8 argentata, quindi rimarr\u00e0 abbastanza chiara.<\/figcaption>\n\t\t\t\t\t\t\t\t\t\t<\/figure>\n\t\t\t\t\t\t\t\t\t<\/div>\n\t\t\t\t<\/div>\n\t\t\t\t\t<\/div>\n\t\t<\/div>\n\t\t\t\t\t<\/div>\n\t\t<\/section>\n\t\t\t\t<section class=\"elementor-section elementor-top-section elementor-element elementor-element-d924ad6 elementor-section-boxed elementor-section-height-default elementor-section-height-default\" data-id=\"d924ad6\" data-element_type=\"section\">\n\t\t\t\t\t\t<div class=\"elementor-container elementor-column-gap-default\">\n\t\t\t\t\t<div class=\"elementor-column elementor-col-50 elementor-top-column elementor-element elementor-element-e0cea15\" data-id=\"e0cea15\" data-element_type=\"column\">\n\t\t\t<div class=\"elementor-widget-wrap elementor-element-populated\">\n\t\t\t\t\t\t<div class=\"elementor-element elementor-element-ee6524f elementor-widget elementor-widget-image\" data-id=\"ee6524f\" data-element_type=\"widget\" data-widget_type=\"image.default\">\n\t\t\t\t<div class=\"elementor-widget-container\">\n\t\t\t\t\t\t\t\t\t\t\t\t\t\t\t<img decoding=\"async\" width=\"980\" height=\"653\" src=\"https:\/\/siberien.envol.ovh\/wp-content\/uploads\/2020\/06\/colours.jpg\" class=\"attachment-large size-large wp-image-1389\" alt=\"\" srcset=\"https:\/\/siberien.envol.ovh\/wp-content\/uploads\/2020\/06\/colours.jpg 980w, https:\/\/siberien.envol.ovh\/wp-content\/uploads\/2020\/06\/colours-300x200.jpg 300w, https:\/\/siberien.envol.ovh\/wp-content\/uploads\/2020\/06\/colours-768x512.jpg 768w\" sizes=\"(max-width: 980px) 100vw, 980px\" \/>\t\t\t\t\t\t\t\t\t\t\t\t\t\t\t<\/div>\n\t\t\t\t<\/div>\n\t\t\t\t\t<\/div>\n\t\t<\/div>\n\t\t\t\t<div class=\"elementor-column elementor-col-50 elementor-top-column elementor-element elementor-element-171e59b\" data-id=\"171e59b\" data-element_type=\"column\">\n\t\t\t<div class=\"elementor-widget-wrap elementor-element-populated\">\n\t\t\t\t\t\t<div class=\"elementor-element elementor-element-db5cdee elementor-widget elementor-widget-text-editor\" data-id=\"db5cdee\" data-element_type=\"widget\" data-widget_type=\"text-editor.default\">\n\t\t\t\t<div class=\"elementor-widget-container\">\n\t\t\t\t\t\t\t\t\t<p><strong>Viva la diversit\u00e0!<\/strong><\/p><p>I siberiani hanno la fortuna di avere una gamma di colori molto ampia.<\/p><p>All'Envol Sib\u00e9rien, invece di specializzarci in un solo abito, abbiamo scelto di averne il pi\u00f9 possibile. E ad ogni nascita c'\u00e8 una nuova sorpresa!<\/p><p>Abbiamo colori ricercati come il blu e l'argento, colori rari come il sole e i tradizionali gatti bianchi con gli occhi blu. E naturalmente colourpoint, marroni, rossi...<\/p><p>Date un'occhiata alla nostra pagina dedicata all'allevamento di gatti e gattini per farvi un'idea!<\/p>\t\t\t\t\t\t\t\t<\/div>\n\t\t\t\t<\/div>\n\t\t\t\t\t<\/div>\n\t\t<\/div>\n\t\t\t\t\t<\/div>\n\t\t<\/section>\n\t\t\t\t<section class=\"elementor-section elementor-top-section elementor-element elementor-element-eee526c elementor-section-boxed elementor-section-height-default elementor-section-height-default\" data-id=\"eee526c\" data-element_type=\"section\">\n\t\t\t\t\t\t<div class=\"elementor-container elementor-column-gap-default\">\n\t\t\t\t\t<div class=\"elementor-column elementor-col-50 elementor-top-column elementor-element elementor-element-763c403\" data-id=\"763c403\" data-element_type=\"column\">\n\t\t\t<div class=\"elementor-widget-wrap elementor-element-populated\">\n\t\t\t\t\t\t<div class=\"elementor-element elementor-element-62c62c6 elementor-widget elementor-widget-image\" data-id=\"62c62c6\" data-element_type=\"widget\" data-widget_type=\"image.default\">\n\t\t\t\t<div class=\"elementor-widget-container\">\n\t\t\t\t\t\t\t\t\t\t\t\t\t\t\t<img decoding=\"async\" width=\"143\" height=\"232\" src=\"https:\/\/siberien.envol.ovh\/wp-content\/uploads\/2020\/06\/fr-siberien-1.png\" class=\"attachment-large size-large wp-image-1391\" alt=\"\" \/>\t\t\t\t\t\t\t\t\t\t\t\t\t\t\t<\/div>\n\t\t\t\t<\/div>\n\t\t\t\t\t<\/div>\n\t\t<\/div>\n\t\t\t\t<div class=\"elementor-column elementor-col-50 elementor-top-column elementor-element elementor-element-fd79849\" data-id=\"fd79849\" data-element_type=\"column\">\n\t\t\t<div class=\"elementor-widget-wrap elementor-element-populated\">\n\t\t\t\t\t\t<div class=\"elementor-element elementor-element-20fd2fa elementor-widget elementor-widget-text-editor\" data-id=\"20fd2fa\" data-element_type=\"widget\" data-widget_type=\"text-editor.default\">\n\t\t\t\t<div class=\"elementor-widget-container\">\n\t\t\t\t\t\t\t\t\t<p>La razza \u00e8 ben rappresentata in Francia, dove abbiamo ottimi gattili da cui proviene la maggior parte dei nostri gatti. Ma naturalmente non abbiamo resistito al piacere di raccogliere qualche meraviglia nel cuore del suo paese d'origine: la Russia!<\/p><p>La nostra selezione \u00e8 molto rigorosa; il nostro allevamento si basa sulla qualit\u00e0, non sulla quantit\u00e0. <strong>per portarvi i gatti e i gattini siberiani pi\u00f9 straordinari!<\/strong><\/p>\t\t\t\t\t\t\t\t<\/div>\n\t\t\t\t<\/div>\n\t\t\t\t\t<\/div>\n\t\t<\/div>\n\t\t\t\t\t<\/div>\n\t\t<\/section>\n\t\t\t\t<section class=\"elementor-section elementor-top-section elementor-element elementor-element-477cc04 elementor-section-boxed elementor-section-height-default elementor-section-height-default\" data-id=\"477cc04\" data-element_type=\"section\">\n\t\t\t\t\t\t<div class=\"elementor-container elementor-column-gap-default\">\n\t\t\t\t\t<div class=\"elementor-column elementor-col-50 elementor-top-column elementor-element elementor-element-e49d8c5\" data-id=\"e49d8c5\" data-element_type=\"column\">\n\t\t\t<div class=\"elementor-widget-wrap elementor-element-populated\">\n\t\t\t\t\t\t<div class=\"elementor-element elementor-element-7e45569 elementor-widget elementor-widget-text-editor\" data-id=\"7e45569\" data-element_type=\"widget\" data-widget_type=\"text-editor.default\">\n\t\t\t\t<div class=\"elementor-widget-container\">\n\t\t\t\t\t\t\t\t\t<p>Tutti<strong> i nostri gatti da riproduzione<\/strong> sono testati FIV\/FELV, PKDef e APR-rdac.<\/p><p>Beneficiano di cibo di alta qualit\u00e0 e di un ambiente ricco che contribuisce notevolmente al loro benessere e alla loro salute.<\/p><p>\u00a0<\/p>\t\t\t\t\t\t\t\t<\/div>\n\t\t\t\t<\/div>\n\t\t\t\t\t<\/div>\n\t\t<\/div>\n\t\t\t\t<div class=\"elementor-column elementor-col-50 elementor-top-column elementor-element elementor-element-32c50b1\" data-id=\"32c50b1\" data-element_type=\"column\">\n\t\t\t<div class=\"elementor-widget-wrap elementor-element-populated\">\n\t\t\t\t\t\t<div class=\"elementor-element elementor-element-bd3d9d9 elementor-widget elementor-widget-image\" data-id=\"bd3d9d9\" data-element_type=\"widget\" data-widget_type=\"image.default\">\n\t\t\t\t<div class=\"elementor-widget-container\">\n\t\t\t\t\t\t\t\t\t\t\t\t\t\t\t<img loading=\"lazy\" decoding=\"async\" width=\"300\" height=\"196\" src=\"https:\/\/siberien.envol.ovh\/wp-content\/uploads\/2020\/05\/cat-health-673x440-1-e1590653177559.png\" class=\"attachment-large size-large wp-image-984\" alt=\"\" \/>\t\t\t\t\t\t\t\t\t\t\t\t\t\t\t<\/div>\n\t\t\t\t<\/div>\n\t\t\t\t\t<\/div>\n\t\t<\/div>\n\t\t\t\t\t<\/div>\n\t\t<\/section>\n\t\t\t\t<section class=\"elementor-section elementor-top-section elementor-element elementor-element-2d3d9f6 elementor-section-boxed elementor-section-height-default elementor-section-height-default\" data-id=\"2d3d9f6\" data-element_type=\"section\">\n\t\t\t\t\t\t<div class=\"elementor-container elementor-column-gap-default\">\n\t\t\t\t\t<div class=\"elementor-column elementor-col-100 elementor-top-column elementor-element elementor-element-c2b4b80\" data-id=\"c2b4b80\" data-element_type=\"column\">\n\t\t\t<div class=\"elementor-widget-wrap elementor-element-populated\">\n\t\t\t\t\t\t<div class=\"elementor-element elementor-element-602adb8 elementor-widget elementor-widget-spacer\" data-id=\"602adb8\" data-element_type=\"widget\" data-widget_type=\"spacer.default\">\n\t\t\t\t<div class=\"elementor-widget-container\">\n\t\t\t\t\t\t\t<div class=\"elementor-spacer\">\n\t\t\t<div class=\"elementor-spacer-inner\"><\/div>\n\t\t<\/div>\n\t\t\t\t\t\t<\/div>\n\t\t\t\t<\/div>\n\t\t\t\t\t<\/div>\n\t\t<\/div>\n\t\t\t\t\t<\/div>\n\t\t<\/section>\n\t\t\t\t<section class=\"elementor-section elementor-top-section elementor-element elementor-element-c2dc675 elementor-section-boxed elementor-section-height-default elementor-section-height-default\" data-id=\"c2dc675\" data-element_type=\"section\">\n\t\t\t\t\t\t<div class=\"elementor-container elementor-column-gap-default\">\n\t\t\t\t\t<div class=\"elementor-column elementor-col-100 elementor-top-column elementor-element elementor-element-c27145d\" data-id=\"c27145d\" data-element_type=\"column\">\n\t\t\t<div class=\"elementor-widget-wrap elementor-element-populated\">\n\t\t\t\t\t\t<div class=\"elementor-element elementor-element-68d87fc elementor-widget elementor-widget-image\" data-id=\"68d87fc\" data-element_type=\"widget\" data-widget_type=\"image.default\">\n\t\t\t\t<div class=\"elementor-widget-container\">\n\t\t\t\t\t\t\t\t\t\t\t\t<figure class=\"wp-caption\">\n\t\t\t\t\t\t\t\t\t\t<img loading=\"lazy\" decoding=\"async\" width=\"768\" height=\"865\" src=\"https:\/\/siberien.envol.ovh\/wp-content\/uploads\/2020\/04\/DSC_0150-768x865.jpg\" class=\"attachment-medium_large size-medium_large wp-image-949\" alt=\"\" srcset=\"https:\/\/siberien.envol.ovh\/wp-content\/uploads\/2020\/04\/DSC_0150-e1590653220110.jpg 768w, https:\/\/siberien.envol.ovh\/wp-content\/uploads\/2020\/04\/DSC_0150-266x300.jpg 266w, https:\/\/siberien.envol.ovh\/wp-content\/uploads\/2020\/04\/DSC_0150-909x1024.jpg 909w, https:\/\/siberien.envol.ovh\/wp-content\/uploads\/2020\/04\/DSC_0150-1364x1536.jpg 1364w, https:\/\/siberien.envol.ovh\/wp-content\/uploads\/2020\/04\/DSC_0150-600x676.jpg 600w\" sizes=\"(max-width: 768px) 100vw, 768px\" \/>\t\t\t\t\t\t\t\t\t\t\t<figcaption class=\"widget-image-caption wp-caption-text\">Pikachu, munchkin in ammirazione della sublime pepita siberiana.<\/figcaption>\n\t\t\t\t\t\t\t\t\t\t<\/figure>\n\t\t\t\t\t\t\t\t\t<\/div>\n\t\t\t\t<\/div>\n\t\t\t\t\t<\/div>\n\t\t<\/div>\n\t\t\t\t\t<\/div>\n\t\t<\/section>\n\t\t\t\t<section class=\"elementor-section elementor-top-section elementor-element elementor-element-4934d29 elementor-section-boxed elementor-section-height-default elementor-section-height-default\" data-id=\"4934d29\" data-element_type=\"section\">\n\t\t\t\t\t\t<div class=\"elementor-container elementor-column-gap-default\">\n\t\t\t\t\t<div class=\"elementor-column elementor-col-100 elementor-top-column elementor-element elementor-element-d4f8684\" data-id=\"d4f8684\" data-element_type=\"column\">\n\t\t\t<div class=\"elementor-widget-wrap elementor-element-populated\">\n\t\t\t\t\t\t<div class=\"elementor-element elementor-element-192c7c1 elementor-widget elementor-widget-text-editor\" data-id=\"192c7c1\" data-element_type=\"widget\" data-widget_type=\"text-editor.default\">\n\t\t\t\t<div class=\"elementor-widget-container\">\n\t\t\t\t\t\t\t\t\t<p>Siamo sempre stati appassionati di <strong>felini<\/strong>Ma la scoperta di un'allergia nella nostra famiglia ha quasi messo fine a questa passione! Ed \u00e8 cos\u00ec che abbiamo scoperto questa straordinaria razza. Oggi alleviamo anche Munchkin, ma la nostra razza preferita \u00e8 e sar\u00e0 sempre il Siberiano!<\/p><p>Il nostro gattile \u00e8 a conduzione familiare, il che significa che i nostri gatti e tutti i gattini vivono con noi. Conoscono i bambini, i cani, gli altri gatti e tutti i rumori della casa. Vivono, dormono e giocano con noi, abituandosi a una vita familiare, il che conferisce ai gattini un livello di socializzazione molto elevato.<\/p><p>I nostri gatti hanno anche accesso a un giardino esterno recintato con una pista, giochi e alberi per gatti.<\/p>\t\t\t\t\t\t\t\t<\/div>\n\t\t\t\t<\/div>\n\t\t\t\t\t<\/div>\n\t\t<\/div>\n\t\t\t\t\t<\/div>\n\t\t<\/section>\n\t\t\t\t<section class=\"elementor-section elementor-top-section elementor-element elementor-element-7b2e3d2 elementor-section-boxed elementor-section-height-default elementor-section-height-default\" data-id=\"7b2e3d2\" data-element_type=\"section\">\n\t\t\t\t\t\t<div class=\"elementor-container elementor-column-gap-default\">\n\t\t\t\t\t<div class=\"elementor-column elementor-col-50 elementor-top-column elementor-element elementor-element-19a0406\" data-id=\"19a0406\" data-element_type=\"column\">\n\t\t\t<div class=\"elementor-widget-wrap elementor-element-populated\">\n\t\t\t\t\t\t<div class=\"elementor-element elementor-element-55fee46 elementor-widget elementor-widget-image\" data-id=\"55fee46\" data-element_type=\"widget\" data-widget_type=\"image.default\">\n\t\t\t\t<div class=\"elementor-widget-container\">\n\t\t\t\t\t\t\t\t\t\t\t\t\t\t\t<img loading=\"lazy\" decoding=\"async\" width=\"848\" height=\"1024\" src=\"https:\/\/siberien.envol.ovh\/wp-content\/uploads\/2020\/04\/20191015_154426-848x1024.jpg\" class=\"attachment-large size-large wp-image-927\" alt=\"\" srcset=\"https:\/\/siberien.envol.ovh\/wp-content\/uploads\/2020\/04\/20191015_154426-848x1024.jpg 848w, https:\/\/siberien.envol.ovh\/wp-content\/uploads\/2020\/04\/20191015_154426-scaled-e1590653239896.jpg 248w, https:\/\/siberien.envol.ovh\/wp-content\/uploads\/2020\/04\/20191015_154426-768x927.jpg 768w, https:\/\/siberien.envol.ovh\/wp-content\/uploads\/2020\/04\/20191015_154426-1272x1536.jpg 1272w, https:\/\/siberien.envol.ovh\/wp-content\/uploads\/2020\/04\/20191015_154426-1696x2048.jpg 1696w, https:\/\/siberien.envol.ovh\/wp-content\/uploads\/2020\/04\/20191015_154426-600x725.jpg 600w\" sizes=\"(max-width: 848px) 100vw, 848px\" \/>\t\t\t\t\t\t\t\t\t\t\t\t\t\t\t<\/div>\n\t\t\t\t<\/div>\n\t\t\t\t\t<\/div>\n\t\t<\/div>\n\t\t\t\t<div class=\"elementor-column elementor-col-50 elementor-top-column elementor-element elementor-element-3bbcd4f\" data-id=\"3bbcd4f\" data-element_type=\"column\">\n\t\t\t<div class=\"elementor-widget-wrap elementor-element-populated\">\n\t\t\t\t\t\t<div class=\"elementor-element elementor-element-9e2da8c elementor-widget elementor-widget-text-editor\" data-id=\"9e2da8c\" data-element_type=\"widget\" data-widget_type=\"text-editor.default\">\n\t\t\t\t<div class=\"elementor-widget-container\">\n\t\t\t\t\t\t\t\t\t<p>La vita \u00e8 dura a casa!<\/p>\t\t\t\t\t\t\t\t<\/div>\n\t\t\t\t<\/div>\n\t\t\t\t\t<\/div>\n\t\t<\/div>\n\t\t\t\t\t<\/div>\n\t\t<\/section>\n\t\t\t\t<section class=\"elementor-section elementor-top-section elementor-element elementor-element-def0370 elementor-section-content-middle elementor-section-boxed elementor-section-height-default elementor-section-height-default\" data-id=\"def0370\" data-element_type=\"section\" data-settings=\"{&quot;background_background&quot;:&quot;classic&quot;}\">\n\t\t\t\t\t\t\t<div class=\"elementor-background-overlay\"><\/div>\n\t\t\t\t\t\t\t<div class=\"elementor-container elementor-column-gap-no\">\n\t\t\t\t\t<div class=\"elementor-column elementor-col-50 elementor-top-column elementor-element elementor-element-a4cdfd2\" data-id=\"a4cdfd2\" data-element_type=\"column\">\n\t\t\t<div class=\"elementor-widget-wrap elementor-element-populated\">\n\t\t\t\t\t\t<div class=\"elementor-element elementor-element-4b5c006 elementor-widget elementor-widget-heading\" data-id=\"4b5c006\" data-element_type=\"widget\" data-widget_type=\"heading.default\">\n\t\t\t\t<div class=\"elementor-widget-container\">\n\t\t\t\t\t<h3 class=\"elementor-heading-title elementor-size-default\">Siete interessati ad adottare un gattino siberiano?<\/h3>\t\t\t\t<\/div>\n\t\t\t\t<\/div>\n\t\t\t\t<div class=\"elementor-element elementor-element-1853dde elementor-widget elementor-widget-text-editor\" data-id=\"1853dde\" data-element_type=\"widget\" data-widget_type=\"text-editor.default\">\n\t\t\t\t<div class=\"elementor-widget-container\">\n\t\t\t\t\t\t\t\t\t<p>Venite a vedere se abbiamo dei gattini disponibili al momento. <\/p>\t\t\t\t\t\t\t\t<\/div>\n\t\t\t\t<\/div>\n\t\t\t\t\t<\/div>\n\t\t<\/div>\n\t\t\t\t<div class=\"elementor-column elementor-col-50 elementor-top-column elementor-element elementor-element-186eec9\" data-id=\"186eec9\" data-element_type=\"column\">\n\t\t\t<div class=\"elementor-widget-wrap elementor-element-populated\">\n\t\t\t\t\t\t<div class=\"elementor-element elementor-element-b28e3b6 elementor-align-center elementor-mobile-align-center elementor-tablet-align-right elementor-widget elementor-widget-button\" data-id=\"b28e3b6\" data-element_type=\"widget\" data-widget_type=\"button.default\">\n\t\t\t\t<div class=\"elementor-widget-container\">\n\t\t\t\t\t\t\t\t\t<div class=\"elementor-button-wrapper\">\n\t\t\t\t\t<a class=\"elementor-button elementor-button-link elementor-size-md\" href=\"https:\/\/siberien.envol.ovh\/it\/gatti-disponibili\/\">\n\t\t\t\t\t\t<span class=\"elementor-button-content-wrapper\">\n\t\t\t\t\t\t\t\t\t<span class=\"elementor-button-text\">Clicca qui<\/span>\n\t\t\t\t\t<\/span>\n\t\t\t\t\t<\/a>\n\t\t\t\t<\/div>\n\t\t\t\t\t\t\t\t<\/div>\n\t\t\t\t<\/div>\n\t\t\t\t\t<\/div>\n\t\t<\/div>\n\t\t\t\t\t<\/div>\n\t\t<\/section>\n\t\t\t\t<\/div>","protected":false},"excerpt":{"rendered":"<p>Il nostro gattile Questo gattile \u00e8 il riflesso della nostra passione e di tutto l'amore che diamo ai nostri gatti che sono membri a pieno titolo della nostra famiglia. Venite a scoprire il nostro mondo. Gatti di alta qualit\u00e0 allevati con amore Il gatto siberiano esiste in due versioni: il Tradizionale e il Neva ...<\/p>\n<p class=\"read-more\"> <a class=\"\" href=\"https:\/\/siberien.envol.ovh\/it\/notre-elevage\/\"> <span class=\"screen-reader-text\">Il nostro allevamento<\/span> Leggi altro<\/a><\/p>","protected":false},"author":1,"featured_media":0,"parent":0,"menu_order":0,"comment_status":"closed","ping_status":"closed","template":"","meta":{"site-sidebar-layout":"no-sidebar","site-content-layout":"page-builder","ast-site-content-layout":"","site-content-style":"default","site-sidebar-style":"default","ast-global-header-display":"","ast-banner-title-visibility":"","ast-main-header-display":"","ast-hfb-above-header-display":"","ast-hfb-below-header-display":"","ast-hfb-mobile-header-display":"","site-post-title":"disabled","ast-breadcrumbs-content":"","ast-featured-img":"disabled","footer-sml-layout":"","theme-transparent-header-meta":"enabled","adv-header-id-meta":"","stick-header-meta":"","header-above-stick-meta":"","header-main-stick-meta":"","header-below-stick-meta":"","astra-migrate-meta-layouts":"","ast-page-background-enabled":"default","ast-page-background-meta":{"desktop":{"background-color":"","background-image":"","background-repeat":"repeat","background-position":"center center","background-size":"auto","background-attachment":"scroll","background-type":"","background-media":"","overlay-type":"","overlay-color":"","overlay-gradient":""},"tablet":{"background-color":"","background-image":"","background-repeat":"repeat","background-position":"center center","background-size":"auto","background-attachment":"scroll","background-type":"","background-media":"","overlay-type":"","overlay-color":"","overlay-gradient":""},"mobile":{"background-color":"","background-image":"","background-repeat":"repeat","background-position":"center center","background-size":"auto","background-attachment":"scroll","background-type":"","background-media":"","overlay-type":"","overlay-color":"","overlay-gradient":""}},"ast-content-background-meta":{"desktop":{"background-color":"var(--ast-global-color-5)","background-image":"","background-repeat":"repeat","background-position":"center center","background-size":"auto","background-attachment":"scroll","background-type":"","background-media":"","overlay-type":"","overlay-color":"","overlay-gradient":""},"tablet":{"background-color":"var(--ast-global-color-5)","background-image":"","background-repeat":"repeat","background-position":"center center","background-size":"auto","background-attachment":"scroll","background-type":"","background-media":"","overlay-type":"","overlay-color":"","overlay-gradient":""},"mobile":{"background-color":"var(--ast-global-color-5)","background-image":"","background-repeat":"repeat","background-position":"center center","background-size":"auto","background-attachment":"scroll","background-type":"","background-media":"","overlay-type":"","overlay-color":"","overlay-gradient":""}},"footnotes":""},"class_list":["post-977","page","type-page","status-publish","hentry"],"_links":{"self":[{"href":"https:\/\/siberien.envol.ovh\/it\/wp-json\/wp\/v2\/pages\/977","targetHints":{"allow":["GET"]}}],"collection":[{"href":"https:\/\/siberien.envol.ovh\/it\/wp-json\/wp\/v2\/pages"}],"about":[{"href":"https:\/\/siberien.envol.ovh\/it\/wp-json\/wp\/v2\/types\/page"}],"author":[{"embeddable":true,"href":"https:\/\/siberien.envol.ovh\/it\/wp-json\/wp\/v2\/users\/1"}],"replies":[{"embeddable":true,"href":"https:\/\/siberien.envol.ovh\/it\/wp-json\/wp\/v2\/comments?post=977"}],"version-history":[{"count":3,"href":"https:\/\/siberien.envol.ovh\/it\/wp-json\/wp\/v2\/pages\/977\/revisions"}],"predecessor-version":[{"id":4703,"href":"https:\/\/siberien.envol.ovh\/it\/wp-json\/wp\/v2\/pages\/977\/revisions\/4703"}],"wp:attachment":[{"href":"https:\/\/siberien.envol.ovh\/it\/wp-json\/wp\/v2\/media?parent=977"}],"curies":[{"name":"wp","href":"https:\/\/api.w.org\/{rel}","templated":true}]}}