{"id":1175,"date":"2020-05-18T17:47:42","date_gmt":"2020-05-18T15:47:42","guid":{"rendered":"https:\/\/munchkin.envol-centre-equestre.com\/?page_id=1175"},"modified":"2026-04-02T15:52:51","modified_gmt":"2026-04-02T13:52:51","slug":"chatons-disponibles","status":"publish","type":"page","link":"https:\/\/siberien.envol.ovh\/es\/cats-available\/","title":{"rendered":"Gatitos siberianos disponibles"},"content":{"rendered":"<div data-elementor-type=\"wp-post\" data-elementor-id=\"1175\" class=\"elementor elementor-1175\" data-elementor-post-type=\"page\">\n\t\t\t\t\t\t<section class=\"elementor-section elementor-top-section elementor-element elementor-element-2cd009c elementor-section-height-min-height elementor-section-content-middle elementor-section-boxed elementor-section-height-default elementor-section-items-middle\" data-id=\"2cd009c\" data-element_type=\"section\" data-settings=\"{&quot;background_background&quot;:&quot;classic&quot;}\">\n\t\t\t\t\t\t\t<div class=\"elementor-background-overlay\"><\/div>\n\t\t\t\t\t\t\t<div class=\"elementor-container elementor-column-gap-default\">\n\t\t\t\t\t<div class=\"elementor-column elementor-col-100 elementor-top-column elementor-element elementor-element-eaf9918\" data-id=\"eaf9918\" data-element_type=\"column\">\n\t\t\t<div class=\"elementor-widget-wrap elementor-element-populated\">\n\t\t\t\t\t\t<div class=\"elementor-element elementor-element-30819d6 elementor-widget elementor-widget-heading\" data-id=\"30819d6\" data-element_type=\"widget\" data-widget_type=\"heading.default\">\n\t\t\t\t<div class=\"elementor-widget-container\">\n\t\t\t\t\t<h1 class=\"elementor-heading-title elementor-size-default\">Gatitos disponibles<\/h1>\t\t\t\t<\/div>\n\t\t\t\t<\/div>\n\t\t\t\t\t<\/div>\n\t\t<\/div>\n\t\t\t\t\t<\/div>\n\t\t<\/section>\n\t\t\t\t<section class=\"elementor-section elementor-top-section elementor-element elementor-element-6eada21 elementor-section-boxed elementor-section-height-default elementor-section-height-default\" data-id=\"6eada21\" data-element_type=\"section\">\n\t\t\t\t\t\t<div class=\"elementor-container elementor-column-gap-default\">\n\t\t\t\t\t<div class=\"elementor-column elementor-col-100 elementor-top-column elementor-element elementor-element-4c66129\" data-id=\"4c66129\" data-element_type=\"column\">\n\t\t\t<div class=\"elementor-widget-wrap elementor-element-populated\">\n\t\t\t\t\t\t<div class=\"elementor-element elementor-element-7dd5c96 elementor-widget elementor-widget-heading\" data-id=\"7dd5c96\" data-element_type=\"widget\" data-widget_type=\"heading.default\">\n\t\t\t\t<div class=\"elementor-widget-container\">\n\t\t\t\t\t<h2 class=\"elementor-heading-title elementor-size-default\">Acerca de nuestros gatitos siberianos<\/h2>\t\t\t\t<\/div>\n\t\t\t\t<\/div>\n\t\t\t\t\t<\/div>\n\t\t<\/div>\n\t\t\t\t\t<\/div>\n\t\t<\/section>\n\t\t\t\t<section class=\"elementor-section elementor-top-section elementor-element elementor-element-231711f elementor-section-boxed elementor-section-height-default elementor-section-height-default\" data-id=\"231711f\" data-element_type=\"section\">\n\t\t\t\t\t\t<div class=\"elementor-container elementor-column-gap-default\">\n\t\t\t\t\t<div class=\"elementor-column elementor-col-100 elementor-top-column elementor-element elementor-element-1663c8b\" data-id=\"1663c8b\" data-element_type=\"column\">\n\t\t\t<div class=\"elementor-widget-wrap elementor-element-populated\">\n\t\t\t\t\t\t<div class=\"elementor-element elementor-element-f08a322 elementor-widget elementor-widget-text-editor\" data-id=\"f08a322\" data-element_type=\"widget\" data-widget_type=\"text-editor.default\">\n\t\t\t\t<div class=\"elementor-widget-container\">\n\t\t\t\t\t\t\t\t\t<div><div><div><h3><b> \u00bfQu\u00e9 es un gatito L'Envol Sib\u00e9rien? <\/b><\/h3><p>Un gatito L'Envol Sib\u00e9rien es un gatito que ha recibido mucho amor y que te seducir\u00e1, \u00a1tanto por su comportamiento entra\u00f1able y cari\u00f1oso como por su belleza! Si busca un gatito siberiano en venta de alta calidad que destaque realmente entre la multitud, L'Envol Sib\u00e9rien es sin duda la elecci\u00f3n adecuada para usted.<\/p><div><div><div><h3><b> Calidad excepcional <\/b><\/h3><p>Para conseguir tener los gatitos siberianos m\u00e1s bonitos que se puedan imaginar, primero hay que tener los gatos m\u00e1s bonitos posibles. T\u00f3mese su tiempo para echar un vistazo a <a href=\"https:\/\/siberien.envol.ovh\/es\/nuestros-gatos-siberianos\/\">nuestra cr\u00eda de gatos siberianos<\/a>. \u00a1Son sencillamente impresionantes! Trabajamos muy duro para seleccionar s\u00f3lo los gatos excepcionales, y esto se refleja directamente en la calidad de nuestros gatitos para la venta.<\/p><\/div><\/div><div><div><h3><b> Salud <\/b><\/h3><p>Todos nuestros gatos reproductores se someten a una serie de pruebas sanitarias para detectar diversas posibles enfermedades. Estas medidas evitan muchos problemas a nuestros gatos, a nuestros gatitos siberianos en venta y a sus posibles propietarios.<\/p><p class=\"p1\"><span class=\"s1\"> Estamos orgullosos de ser un criadero que ha dado negativo en las pruebas de las siguientes enfermedades y problemas de salud: <\/span><\/p><ul><li class=\"p2\"><strong><span class=\"s1\"> FiV\/FeLV (SIDA\/leucemia) <\/span><\/strong><\/li><li class=\"p2\"><strong><span class=\"s1\"> PK-Deficiencia (anemia) <\/span><\/strong><\/li><li class=\"p2\"><strong><span class=\"s1\">APR-rdac (atrofia progresiva de retina de los ojos) <\/span><\/strong><\/li><li class=\"p2\"><strong><span class=\"s1\"> Tritrichomonas (par\u00e1sitos intestinales) <\/span><\/strong><\/li><li class=\"p2\"><strong><span class=\"s1\"> Giardia (par\u00e1sitos intestinales) <\/span><\/strong><\/li><li class=\"p2\"><strong><span class=\"s1\"> Coccidiosis (par\u00e1sitos intestinales) <\/span><\/strong><\/li><\/ul><\/div><\/div><\/div><div><div><div><h3><b> Temperamento <\/b><\/h3><p>El temperamento del gatito siberiano que va a comprar es de suma importancia, ya que es lo que determinar\u00e1 su v\u00ednculo de apego y amor hacia \u00e9l. Para que un gato siberiano sea d\u00f3cil y cari\u00f1oso, debe haber sido socializado y acariciado desde una edad temprana. Los primeros meses en el criadero son muy importantes. En L'Envol Sib\u00e9rien, nuestros beb\u00e9s nacen y crecen en el coraz\u00f3n de nuestra casa. Reciben mucho amor y mimos a todas horas del d\u00eda, por lo que, como puedes imaginar, su socializaci\u00f3n va de maravilla. Nuestros gatitos siberianos en venta son sencillamente adorables.<\/p><p>Y como el temperamento suele ser hereditario, seleccionamos gatos siberianos de cr\u00eda con el mejor comportamiento posible. Eso marca la diferencia.<\/p><\/div><\/div><\/div><\/div><\/div><\/div>\t\t\t\t\t\t\t\t<\/div>\n\t\t\t\t<\/div>\n\t\t\t\t\t<\/div>\n\t\t<\/div>\n\t\t\t\t\t<\/div>\n\t\t<\/section>\n\t\t\t\t<section class=\"elementor-section elementor-top-section elementor-element elementor-element-c4351b7 elementor-section-boxed elementor-section-height-default elementor-section-height-default\" data-id=\"c4351b7\" data-element_type=\"section\">\n\t\t\t\t\t\t<div class=\"elementor-container elementor-column-gap-default\">\n\t\t\t\t\t<div class=\"elementor-column elementor-col-100 elementor-top-column elementor-element elementor-element-7829d7b\" data-id=\"7829d7b\" data-element_type=\"column\">\n\t\t\t<div class=\"elementor-widget-wrap elementor-element-populated\">\n\t\t\t\t\t\t<div class=\"elementor-element elementor-element-f909bf3 elementor-widget elementor-widget-heading\" data-id=\"f909bf3\" data-element_type=\"widget\" data-widget_type=\"heading.default\">\n\t\t\t\t<div class=\"elementor-widget-container\">\n\t\t\t\t\t<h2 class=\"elementor-heading-title elementor-size-default\">Chats adultes disponibles \u00e0 placer<\/h2>\t\t\t\t<\/div>\n\t\t\t\t<\/div>\n\t\t\t\t\t<\/div>\n\t\t<\/div>\n\t\t\t\t\t<\/div>\n\t\t<\/section>\n\t\t<div class=\"elementor-element elementor-element-9ab8dc2 e-flex e-con-boxed e-con e-parent\" data-id=\"9ab8dc2\" data-element_type=\"container\">\n\t\t\t\t\t<div class=\"e-con-inner\">\n\t\t\t\t<div class=\"elementor-element elementor-element-8315439 elementor-position-left elementor-vertical-align-top elementor-widget elementor-widget-image-box\" data-id=\"8315439\" data-element_type=\"widget\" data-widget_type=\"image-box.default\">\n\t\t\t\t<div class=\"elementor-widget-container\">\n\t\t\t\t\t<div class=\"elementor-image-box-wrapper\"><figure class=\"elementor-image-box-img\"><img fetchpriority=\"high\" decoding=\"async\" width=\"762\" height=\"824\" src=\"https:\/\/siberien.envol.ovh\/wp-content\/uploads\/2026\/04\/WhatsApp-Image-2026-03-07-at-14.21.371.jpg\" class=\"attachment-full size-full wp-image-6569\" alt=\"\" srcset=\"https:\/\/siberien.envol.ovh\/wp-content\/uploads\/2026\/04\/WhatsApp-Image-2026-03-07-at-14.21.371.jpg 762w, https:\/\/siberien.envol.ovh\/wp-content\/uploads\/2026\/04\/WhatsApp-Image-2026-03-07-at-14.21.371-277x300.jpg 277w, https:\/\/siberien.envol.ovh\/wp-content\/uploads\/2026\/04\/WhatsApp-Image-2026-03-07-at-14.21.371-11x12.jpg 11w\" sizes=\"(max-width: 762px) 100vw, 762px\" \/><\/figure><div class=\"elementor-image-box-content\"><h3 class=\"elementor-image-box-title\">U-Jerry L'Envol Sib\u00e9rien<\/h3><p class=\"elementor-image-box-description\">U-Jerry l\u2019Envol Sib\u00e9rien, m\u00e2le st\u00e9rilis\u00e9 de 2,5 ans n\u00e9 le 9 juin 2023 cherche une nouvelle famille aimante. <br> Il vit actuellement en Suisse mais sa famille ne peut plus le garder. Il est \u00e0 placer gratuitement<br>\nSuperbe chat blue tabby aux yeux bleus, tr\u00e8s affectueux qui adore les c\u00e2lins. <br> Jerry \u00e9tant allergique \u00e0 la volaille, il est nourri au nova felis lapin de easy barf.<br> Il adore l\u2019ext\u00e9rieur donc je souhaiterai pour lui un jardin s\u00e9curis\u00e9. <br>Tr\u00e8s sociable, je souhaiterais qu\u2019il parte avec un chaton.<br>\nSi Jerry vous int\u00e9resse et\/ou que vous avez des questions suppl\u00e9mentaires, vous pouvez contacter sa famille directement au: +41 78 944 69 30<\/p><\/div><\/div>\t\t\t\t<\/div>\n\t\t\t\t<\/div>\n\t\t\t\t\t<\/div>\n\t\t\t\t<\/div>\n\t\t<div class=\"elementor-element elementor-element-dc1027b e-flex e-con-boxed e-con e-parent\" data-id=\"dc1027b\" data-element_type=\"container\">\n\t\t\t\t\t<div class=\"e-con-inner\">\n\t\t\t\t<div class=\"elementor-element elementor-element-380e4d8 elementor-arrows-position-inside elementor-pagination-position-outside elementor-widget elementor-widget-image-carousel\" data-id=\"380e4d8\" data-element_type=\"widget\" data-settings=\"{&quot;navigation&quot;:&quot;both&quot;,&quot;autoplay&quot;:&quot;yes&quot;,&quot;pause_on_hover&quot;:&quot;yes&quot;,&quot;pause_on_interaction&quot;:&quot;yes&quot;,&quot;autoplay_speed&quot;:5000,&quot;infinite&quot;:&quot;yes&quot;,&quot;speed&quot;:500}\" data-widget_type=\"image-carousel.default\">\n\t\t\t\t<div class=\"elementor-widget-container\">\n\t\t\t\t\t\t\t<div class=\"elementor-image-carousel-wrapper swiper\" role=\"region\" aria-roledescription=\"carousel\" aria-label=\"Carrusel de im\u00e1genes\" dir=\"ltr\">\n\t\t\t<div class=\"elementor-image-carousel swiper-wrapper\" aria-live=\"off\">\n\t\t\t\t\t\t\t\t<div class=\"swiper-slide\" role=\"group\" aria-roledescription=\"slide\" aria-label=\"1 de 5\"><figure class=\"swiper-slide-inner\"><img decoding=\"async\" class=\"swiper-slide-image\" src=\"https:\/\/siberien.envol.ovh\/wp-content\/uploads\/2026\/04\/WhatsApp-Image-2026-03-07-at-14.21.37-209x300.jpg\" alt=\"WhatsApp Image 2026-03-07 at 14.21.37\" \/><\/figure><\/div><div class=\"swiper-slide\" role=\"group\" aria-roledescription=\"slide\" aria-label=\"2 de 5\"><figure class=\"swiper-slide-inner\"><img decoding=\"async\" class=\"swiper-slide-image\" src=\"https:\/\/siberien.envol.ovh\/wp-content\/uploads\/2026\/04\/WhatsApp-Image-2026-03-07-at-14.21.374-300x269.jpg\" alt=\"WhatsApp Image 2026-03-07 at 14.21.37(4)\" \/><\/figure><\/div><div class=\"swiper-slide\" role=\"group\" aria-roledescription=\"slide\" aria-label=\"3 de 5\"><figure class=\"swiper-slide-inner\"><img decoding=\"async\" class=\"swiper-slide-image\" src=\"https:\/\/siberien.envol.ovh\/wp-content\/uploads\/2026\/04\/WhatsApp-Image-2026-03-07-at-14.21.373-245x300.jpg\" alt=\"WhatsApp Image 2026-03-07 at 14.21.37(3)\" \/><\/figure><\/div><div class=\"swiper-slide\" role=\"group\" aria-roledescription=\"slide\" aria-label=\"4 de 5\"><figure class=\"swiper-slide-inner\"><img decoding=\"async\" class=\"swiper-slide-image\" src=\"https:\/\/siberien.envol.ovh\/wp-content\/uploads\/2026\/04\/WhatsApp-Image-2026-03-07-at-14.21.372-300x180.jpg\" alt=\"WhatsApp Image 2026-03-07 at 14.21.37(2)\" \/><\/figure><\/div><div class=\"swiper-slide\" role=\"group\" aria-roledescription=\"slide\" aria-label=\"5 de 5\"><figure class=\"swiper-slide-inner\"><img decoding=\"async\" class=\"swiper-slide-image\" src=\"https:\/\/siberien.envol.ovh\/wp-content\/uploads\/2026\/04\/WhatsApp-Image-2026-03-07-at-14.21.375-257x300.jpg\" alt=\"WhatsApp Image 2026-03-07 at 14.21.37(5)\" \/><\/figure><\/div>\t\t\t<\/div>\n\t\t\t\t\t\t\t\t\t\t\t\t<div class=\"elementor-swiper-button elementor-swiper-button-prev\" role=\"button\" tabindex=\"0\">\n\t\t\t\t\t\t<svg aria-hidden=\"true\" class=\"e-font-icon-svg e-eicon-chevron-left\" viewbox=\"0 0 1000 1000\" xmlns=\"http:\/\/www.w3.org\/2000\/svg\"><path d=\"M646 125C629 125 613 133 604 142L308 442C296 454 292 471 292 487 292 504 296 521 308 533L604 854C617 867 629 875 646 875 663 875 679 871 692 858 704 846 713 829 713 812 713 796 708 779 692 767L438 487 692 225C700 217 708 204 708 187 708 171 704 154 692 142 675 129 663 125 646 125Z\"><\/path><\/svg>\t\t\t\t\t<\/div>\n\t\t\t\t\t<div class=\"elementor-swiper-button elementor-swiper-button-next\" role=\"button\" tabindex=\"0\">\n\t\t\t\t\t\t<svg aria-hidden=\"true\" class=\"e-font-icon-svg e-eicon-chevron-right\" viewbox=\"0 0 1000 1000\" xmlns=\"http:\/\/www.w3.org\/2000\/svg\"><path d=\"M696 533C708 521 713 504 713 487 713 471 708 454 696 446L400 146C388 133 375 125 354 125 338 125 325 129 313 142 300 154 292 171 292 187 292 204 296 221 308 233L563 492 304 771C292 783 288 800 288 817 288 833 296 850 308 863 321 871 338 875 354 875 371 875 388 867 400 854L696 533Z\"><\/path><\/svg>\t\t\t\t\t<\/div>\n\t\t\t\t\n\t\t\t\t\t\t\t\t\t<div class=\"swiper-pagination\"><\/div>\n\t\t\t\t\t\t\t\t\t<\/div>\n\t\t\t\t\t\t<\/div>\n\t\t\t\t<\/div>\n\t\t\t\t\t<\/div>\n\t\t\t\t<\/div>\n\t\t\t\t<section class=\"elementor-section elementor-top-section elementor-element elementor-element-4dc3492 elementor-section-boxed elementor-section-height-default elementor-section-height-default\" data-id=\"4dc3492\" data-element_type=\"section\">\n\t\t\t\t\t\t<div class=\"elementor-container elementor-column-gap-default\">\n\t\t\t\t\t<div class=\"elementor-column elementor-col-100 elementor-top-column elementor-element elementor-element-fb182ac\" data-id=\"fb182ac\" data-element_type=\"column\">\n\t\t\t<div class=\"elementor-widget-wrap elementor-element-populated\">\n\t\t\t\t\t\t<div class=\"elementor-element elementor-element-24ae276 elementor-widget elementor-widget-heading\" data-id=\"24ae276\" data-element_type=\"widget\" data-widget_type=\"heading.default\">\n\t\t\t\t<div class=\"elementor-widget-container\">\n\t\t\t\t\t<h2 class=\"elementor-heading-title elementor-size-default\">Gatitos disponibles<\/h2>\t\t\t\t<\/div>\n\t\t\t\t<\/div>\n\t\t\t\t\t<\/div>\n\t\t<\/div>\n\t\t\t\t\t<\/div>\n\t\t<\/section>\n\t\t<div class=\"elementor-element elementor-element-d3d7220 e-flex e-con-boxed e-con e-parent\" data-id=\"d3d7220\" data-element_type=\"container\">\n\t\t\t\t\t<div class=\"e-con-inner\">\n\t\t<div class=\"elementor-element elementor-element-b2c3775 e-con-full e-flex e-con e-child\" data-id=\"b2c3775\" data-element_type=\"container\">\n\t\t\t\t<div class=\"elementor-element elementor-element-6f35e88 elementor-widget elementor-widget-image\" data-id=\"6f35e88\" data-element_type=\"widget\" data-widget_type=\"image.default\">\n\t\t\t\t<div class=\"elementor-widget-container\">\n\t\t\t\t\t\t\t\t\t\t\t\t\t\t\t<img decoding=\"async\" width=\"512\" height=\"225\" src=\"https:\/\/siberien.envol.ovh\/wp-content\/uploads\/2025\/01\/00unnamed.png\" class=\"attachment-large size-large wp-image-5739\" alt=\"\" srcset=\"https:\/\/siberien.envol.ovh\/wp-content\/uploads\/2025\/01\/00unnamed.png 512w, https:\/\/siberien.envol.ovh\/wp-content\/uploads\/2025\/01\/00unnamed-300x132.png 300w, https:\/\/siberien.envol.ovh\/wp-content\/uploads\/2025\/01\/00unnamed-18x8.png 18w\" sizes=\"(max-width: 512px) 100vw, 512px\" \/>\t\t\t\t\t\t\t\t\t\t\t\t\t\t\t<\/div>\n\t\t\t\t<\/div>\n\t\t\t\t<\/div>\n\t\t<div class=\"elementor-element elementor-element-35813c3 e-con-full e-flex e-con e-child\" data-id=\"35813c3\" data-element_type=\"container\">\n\t\t\t\t<div class=\"elementor-element elementor-element-f2b2938 elementor-widget elementor-widget-text-editor\" data-id=\"f2b2938\" data-element_type=\"widget\" data-widget_type=\"text-editor.default\">\n\t\t\t\t<div class=\"elementor-widget-container\">\n\t\t\t\t\t\t\t\t\t<p>Vahina et Holms sont parents de 4 adorables chatons n\u00e9s le 30\/4<\/p><p>1 petit m\u00e2le blue tabby<\/p><p>2 petites femelles blue tabby<\/p><p>Et 1 petite femelle brown tabby<\/p><p>Tarif : 2500\u20ac<\/p><p>Plus d&rsquo;info et vid\u00e9os par t\u00e9l\u00e9phone ou whatsapp au +33 6 52 23 82 77<\/p><p>Photos \u00e0 partir de fin avril &#8211; d\u00e9but mai<\/p>\t\t\t\t\t\t\t\t<\/div>\n\t\t\t\t<\/div>\n\t\t\t\t<\/div>\n\t\t\t\t\t<\/div>\n\t\t\t\t<\/div>\n\t\t\t\t<section class=\"elementor-section elementor-top-section elementor-element elementor-element-def0370 elementor-section-content-middle elementor-section-boxed elementor-section-height-default elementor-section-height-default\" data-id=\"def0370\" data-element_type=\"section\" data-settings=\"{&quot;background_background&quot;:&quot;classic&quot;}\">\n\t\t\t\t\t\t\t<div class=\"elementor-background-overlay\"><\/div>\n\t\t\t\t\t\t\t<div class=\"elementor-container elementor-column-gap-no\">\n\t\t\t\t\t<div class=\"elementor-column elementor-col-50 elementor-top-column elementor-element elementor-element-a4cdfd2\" data-id=\"a4cdfd2\" data-element_type=\"column\">\n\t\t\t<div class=\"elementor-widget-wrap elementor-element-populated\">\n\t\t\t\t\t\t<div class=\"elementor-element elementor-element-4b5c006 elementor-widget elementor-widget-heading\" data-id=\"4b5c006\" data-element_type=\"widget\" data-widget_type=\"heading.default\">\n\t\t\t\t<div class=\"elementor-widget-container\">\n\t\t\t\t\t<h3 class=\"elementor-heading-title elementor-size-default\">\u00bfLe interesa adoptar un gatito siberiano?<\/h3>\t\t\t\t<\/div>\n\t\t\t\t<\/div>\n\t\t\t\t<div class=\"elementor-element elementor-element-1853dde elementor-widget elementor-widget-text-editor\" data-id=\"1853dde\" data-element_type=\"widget\" data-widget_type=\"text-editor.default\">\n\t\t\t\t<div class=\"elementor-widget-container\">\n\t\t\t\t\t\t\t\t\t<p>P\u00f3ngase en contacto con nosotros<\/p>\t\t\t\t\t\t\t\t<\/div>\n\t\t\t\t<\/div>\n\t\t\t\t\t<\/div>\n\t\t<\/div>\n\t\t\t\t<div class=\"elementor-column elementor-col-50 elementor-top-column elementor-element elementor-element-186eec9\" data-id=\"186eec9\" data-element_type=\"column\">\n\t\t\t<div class=\"elementor-widget-wrap elementor-element-populated\">\n\t\t\t\t\t\t<div class=\"elementor-element elementor-element-b28e3b6 elementor-align-center elementor-mobile-align-center elementor-tablet-align-right elementor-widget elementor-widget-button\" data-id=\"b28e3b6\" data-element_type=\"widget\" data-widget_type=\"button.default\">\n\t\t\t\t<div class=\"elementor-widget-container\">\n\t\t\t\t\t\t\t\t\t<div class=\"elementor-button-wrapper\">\n\t\t\t\t\t<a class=\"elementor-button elementor-button-link elementor-size-md\" href=\"https:\/\/siberien.envol.ovh\/es\/pongase-en-contacto-con\/\">\n\t\t\t\t\t\t<span class=\"elementor-button-content-wrapper\">\n\t\t\t\t\t\t\t\t\t<span class=\"elementor-button-text\">Pulse aqu\u00ed<\/span>\n\t\t\t\t\t<\/span>\n\t\t\t\t\t<\/a>\n\t\t\t\t<\/div>\n\t\t\t\t\t\t\t\t<\/div>\n\t\t\t\t<\/div>\n\t\t\t\t\t<\/div>\n\t\t<\/div>\n\t\t\t\t\t<\/div>\n\t\t<\/section>\n\t\t\t\t<section class=\"elementor-section elementor-top-section elementor-element elementor-element-43f9c84 elementor-section-boxed elementor-section-height-default elementor-section-height-default\" data-id=\"43f9c84\" data-element_type=\"section\">\n\t\t\t\t\t\t<div class=\"elementor-container elementor-column-gap-default\">\n\t\t\t\t\t<div class=\"elementor-column elementor-col-100 elementor-top-column elementor-element elementor-element-357bd6a\" data-id=\"357bd6a\" data-element_type=\"column\">\n\t\t\t<div class=\"elementor-widget-wrap elementor-element-populated\">\n\t\t\t\t\t\t<div class=\"elementor-element elementor-element-546bbce elementor-widget-divider--view-line elementor-widget elementor-widget-divider\" data-id=\"546bbce\" data-element_type=\"widget\" data-widget_type=\"divider.default\">\n\t\t\t\t<div class=\"elementor-widget-container\">\n\t\t\t\t\t\t\t<div class=\"elementor-divider\">\n\t\t\t<span class=\"elementor-divider-separator\">\n\t\t\t\t\t\t<\/span>\n\t\t<\/div>\n\t\t\t\t\t\t<\/div>\n\t\t\t\t<\/div>\n\t\t\t\t\t<\/div>\n\t\t<\/div>\n\t\t\t\t\t<\/div>\n\t\t<\/section>\n\t\t\t\t<\/div>","protected":false},"excerpt":{"rendered":"<p>Gatitos disponibles Acerca de nuestros gatitos siberianos \u00bfQu\u00e9 es un gatito siberiano L'Envol? Un gatito siberiano L'Envol es un gatito que ha recibido mucho amor y que te seducir\u00e1, \u00a1tanto por su comportamiento entra\u00f1able y cari\u00f1oso como por su belleza! Si busca un gatito siberiano en venta de alta calidad que realmente destaque ...<\/p>\n<p class=\"read-more\"> <a class=\"\" href=\"https:\/\/siberien.envol.ovh\/es\/cats-available\/\"> <span class=\"screen-reader-text\">Gatitos siberianos disponibles<\/span> Leer m\u00e1s \"<\/a><\/p>","protected":false},"author":1,"featured_media":0,"parent":0,"menu_order":0,"comment_status":"closed","ping_status":"closed","template":"","meta":{"site-sidebar-layout":"no-sidebar","site-content-layout":"page-builder","ast-site-content-layout":"","site-content-style":"default","site-sidebar-style":"default","ast-global-header-display":"","ast-banner-title-visibility":"","ast-main-header-display":"","ast-hfb-above-header-display":"","ast-hfb-below-header-display":"","ast-hfb-mobile-header-display":"","site-post-title":"disabled","ast-breadcrumbs-content":"","ast-featured-img":"disabled","footer-sml-layout":"","theme-transparent-header-meta":"enabled","adv-header-id-meta":"","stick-header-meta":"","header-above-stick-meta":"","header-main-stick-meta":"","header-below-stick-meta":"","astra-migrate-meta-layouts":"","ast-page-background-enabled":"default","ast-page-background-meta":{"desktop":{"background-color":"","background-image":"","background-repeat":"repeat","background-position":"center center","background-size":"auto","background-attachment":"scroll","background-type":"","background-media":"","overlay-type":"","overlay-color":"","overlay-gradient":""},"tablet":{"background-color":"","background-image":"","background-repeat":"repeat","background-position":"center center","background-size":"auto","background-attachment":"scroll","background-type":"","background-media":"","overlay-type":"","overlay-color":"","overlay-gradient":""},"mobile":{"background-color":"","background-image":"","background-repeat":"repeat","background-position":"center center","background-size":"auto","background-attachment":"scroll","background-type":"","background-media":"","overlay-type":"","overlay-color":"","overlay-gradient":""}},"ast-content-background-meta":{"desktop":{"background-color":"var(--ast-global-color-5)","background-image":"","background-repeat":"repeat","background-position":"center center","background-size":"auto","background-attachment":"scroll","background-type":"","background-media":"","overlay-type":"","overlay-color":"","overlay-gradient":""},"tablet":{"background-color":"var(--ast-global-color-5)","background-image":"","background-repeat":"repeat","background-position":"center center","background-size":"auto","background-attachment":"scroll","background-type":"","background-media":"","overlay-type":"","overlay-color":"","overlay-gradient":""},"mobile":{"background-color":"var(--ast-global-color-5)","background-image":"","background-repeat":"repeat","background-position":"center center","background-size":"auto","background-attachment":"scroll","background-type":"","background-media":"","overlay-type":"","overlay-color":"","overlay-gradient":""}},"footnotes":""},"class_list":["post-1175","page","type-page","status-publish","hentry"],"_links":{"self":[{"href":"https:\/\/siberien.envol.ovh\/es\/wp-json\/wp\/v2\/pages\/1175","targetHints":{"allow":["GET"]}}],"collection":[{"href":"https:\/\/siberien.envol.ovh\/es\/wp-json\/wp\/v2\/pages"}],"about":[{"href":"https:\/\/siberien.envol.ovh\/es\/wp-json\/wp\/v2\/types\/page"}],"author":[{"embeddable":true,"href":"https:\/\/siberien.envol.ovh\/es\/wp-json\/wp\/v2\/users\/1"}],"replies":[{"embeddable":true,"href":"https:\/\/siberien.envol.ovh\/es\/wp-json\/wp\/v2\/comments?post=1175"}],"version-history":[{"count":3,"href":"https:\/\/siberien.envol.ovh\/es\/wp-json\/wp\/v2\/pages\/1175\/revisions"}],"predecessor-version":[{"id":6577,"href":"https:\/\/siberien.envol.ovh\/es\/wp-json\/wp\/v2\/pages\/1175\/revisions\/6577"}],"wp:attachment":[{"href":"https:\/\/siberien.envol.ovh\/es\/wp-json\/wp\/v2\/media?parent=1175"}],"curies":[{"name":"wp","href":"https:\/\/api.w.org\/{rel}","templated":true}]}}