{"id":1175,"date":"2020-05-18T17:47:42","date_gmt":"2020-05-18T15:47:42","guid":{"rendered":"https:\/\/munchkin.envol-centre-equestre.com\/?page_id=1175"},"modified":"2026-04-23T18:21:55","modified_gmt":"2026-04-23T16:21:55","slug":"chatons-disponibles","status":"publish","type":"page","link":"https:\/\/siberien.envol.ovh\/en\/kittens-available\/","title":{"rendered":"Siberian kittens available"},"content":{"rendered":"<div data-elementor-type=\"wp-post\" data-elementor-id=\"1175\" class=\"elementor elementor-1175\" data-elementor-post-type=\"page\">\n\t\t\t\t\t\t<section class=\"elementor-section elementor-top-section elementor-element elementor-element-2cd009c elementor-section-height-min-height elementor-section-content-middle elementor-section-boxed elementor-section-height-default elementor-section-items-middle\" data-id=\"2cd009c\" data-element_type=\"section\" data-settings=\"{&quot;background_background&quot;:&quot;classic&quot;}\">\n\t\t\t\t\t\t\t<div class=\"elementor-background-overlay\"><\/div>\n\t\t\t\t\t\t\t<div class=\"elementor-container elementor-column-gap-default\">\n\t\t\t\t\t<div class=\"elementor-column elementor-col-100 elementor-top-column elementor-element elementor-element-eaf9918\" data-id=\"eaf9918\" data-element_type=\"column\">\n\t\t\t<div class=\"elementor-widget-wrap elementor-element-populated\">\n\t\t\t\t\t\t<div class=\"elementor-element elementor-element-30819d6 elementor-widget elementor-widget-heading\" data-id=\"30819d6\" data-element_type=\"widget\" data-widget_type=\"heading.default\">\n\t\t\t\t<div class=\"elementor-widget-container\">\n\t\t\t\t\t<h1 class=\"elementor-heading-title elementor-size-default\">Available kittens<\/h1>\t\t\t\t<\/div>\n\t\t\t\t<\/div>\n\t\t\t\t\t<\/div>\n\t\t<\/div>\n\t\t\t\t\t<\/div>\n\t\t<\/section>\n\t\t\t\t<section class=\"elementor-section elementor-top-section elementor-element elementor-element-6eada21 elementor-section-boxed elementor-section-height-default elementor-section-height-default\" data-id=\"6eada21\" data-element_type=\"section\">\n\t\t\t\t\t\t<div class=\"elementor-container elementor-column-gap-default\">\n\t\t\t\t\t<div class=\"elementor-column elementor-col-100 elementor-top-column elementor-element elementor-element-4c66129\" data-id=\"4c66129\" data-element_type=\"column\">\n\t\t\t<div class=\"elementor-widget-wrap elementor-element-populated\">\n\t\t\t\t\t\t<div class=\"elementor-element elementor-element-7dd5c96 elementor-widget elementor-widget-heading\" data-id=\"7dd5c96\" data-element_type=\"widget\" data-widget_type=\"heading.default\">\n\t\t\t\t<div class=\"elementor-widget-container\">\n\t\t\t\t\t<h2 class=\"elementor-heading-title elementor-size-default\">About our Siberian kittens<\/h2>\t\t\t\t<\/div>\n\t\t\t\t<\/div>\n\t\t\t\t\t<\/div>\n\t\t<\/div>\n\t\t\t\t\t<\/div>\n\t\t<\/section>\n\t\t\t\t<section class=\"elementor-section elementor-top-section elementor-element elementor-element-231711f elementor-section-boxed elementor-section-height-default elementor-section-height-default\" data-id=\"231711f\" data-element_type=\"section\">\n\t\t\t\t\t\t<div class=\"elementor-container elementor-column-gap-default\">\n\t\t\t\t\t<div class=\"elementor-column elementor-col-100 elementor-top-column elementor-element elementor-element-1663c8b\" data-id=\"1663c8b\" data-element_type=\"column\">\n\t\t\t<div class=\"elementor-widget-wrap elementor-element-populated\">\n\t\t\t\t\t\t<div class=\"elementor-element elementor-element-f08a322 elementor-widget elementor-widget-text-editor\" data-id=\"f08a322\" data-element_type=\"widget\" data-widget_type=\"text-editor.default\">\n\t\t\t\t<div class=\"elementor-widget-container\">\n\t\t\t\t\t\t\t\t\t<div><div><div><h3><b> What is a L'Envol Sib\u00e9rien kitten? <\/b><\/h3><p>A L'Envol Sib\u00e9rien kitten is a kitten who has received a great deal of love and who will win you over, as much for his endearing and affectionate behaviour as for his beauty! If you're looking for a high-quality Siberian kitten for sale that truly stands out from the crowd, L'Envol Sib\u00e9rien is undoubtedly the right choice for you.<\/p><div><div><div><h3><b> Outstanding quality <\/b><\/h3><p>To succeed in producing the most beautiful Siberian kittens imaginable, you must first have the most beautiful cats possible! Take the time to have a look at <a href=\"https:\/\/siberien.envol.ovh\/en\/our-siberian-cats\/\">our breeding Siberian cats<\/a>. They are simply breathtaking! We work very hard to select only exceptional cats, and this is directly reflected in the quality of our kittens for sale.<\/p><\/div><\/div><div><div><h3><b> Health <\/b><\/h3><p>All our breeding cats undergo a series of health tests to detect various possible illnesses. These measures prevent many problems for our cats, our Siberian kittens for sale and their potential owners.<\/p><p class=\"p1\"><span class=\"s1\"> We are proud to be a cattery that has tested negative for the following diseases and health problems: <\/span><\/p><ul><li class=\"p2\"><strong><span class=\"s1\"> FiV\/FeLV (AIDS\/leukaemia) <\/span><\/strong><\/li><li class=\"p2\"><strong><span class=\"s1\"> PK-Deficiency (anaemia) <\/span><\/strong><\/li><li class=\"p2\"><strong><span class=\"s1\">APR-rdac (progressive retinal atrophy of the eyes) <\/span><\/strong><\/li><li class=\"p2\"><strong><span class=\"s1\"> Tritrichomonas (intestinal parasites) <\/span><\/strong><\/li><li class=\"p2\"><strong><span class=\"s1\"> Giardia (intestinal parasites) <\/span><\/strong><\/li><li class=\"p2\"><strong><span class=\"s1\"> Coccidiosis (intestinal parasites) <\/span><\/strong><\/li><\/ul><\/div><\/div><\/div><div><div><div><h3><b> Temperament <\/b><\/h3><p>The temperament of the Siberian kitten you are going to buy is of the utmost importance, as this is what will determine your bond of attachment and love towards it. For a Siberian cat to be gentle and affectionate, it must have been socialised and stroked from an early age. The first few months at the breeder's are very important. At L'Envol Sib\u00e9rien, our babies are born and raised right in the heart of our home. They receive lots of love and are cuddled at all times of the day, so as you can imagine, their socialisation goes wonderfully well. Our Siberian kittens for sale are simply adorable.<\/p><p>And because temperament is often hereditary, we select breeding Siberian cats with the best possible behaviour. That makes all the difference.<\/p><\/div><\/div><\/div><\/div><\/div><\/div>\t\t\t\t\t\t\t\t<\/div>\n\t\t\t\t<\/div>\n\t\t\t\t\t<\/div>\n\t\t<\/div>\n\t\t\t\t\t<\/div>\n\t\t<\/section>\n\t\t\t\t<section class=\"elementor-section elementor-top-section elementor-element elementor-element-4dc3492 elementor-section-boxed elementor-section-height-default elementor-section-height-default\" data-id=\"4dc3492\" data-element_type=\"section\">\n\t\t\t\t\t\t<div class=\"elementor-container elementor-column-gap-default\">\n\t\t\t\t\t<div class=\"elementor-column elementor-col-100 elementor-top-column elementor-element elementor-element-fb182ac\" data-id=\"fb182ac\" data-element_type=\"column\">\n\t\t\t<div class=\"elementor-widget-wrap elementor-element-populated\">\n\t\t\t\t\t\t<div class=\"elementor-element elementor-element-24ae276 elementor-widget elementor-widget-heading\" data-id=\"24ae276\" data-element_type=\"widget\" data-widget_type=\"heading.default\">\n\t\t\t\t<div class=\"elementor-widget-container\">\n\t\t\t\t\t<h2 class=\"elementor-heading-title elementor-size-default\">Available kittens<\/h2>\t\t\t\t<\/div>\n\t\t\t\t<\/div>\n\t\t\t\t\t<\/div>\n\t\t<\/div>\n\t\t\t\t\t<\/div>\n\t\t<\/section>\n\t\t<div class=\"elementor-element elementor-element-d3d7220 e-flex e-con-boxed e-con e-parent\" data-id=\"d3d7220\" data-element_type=\"container\">\n\t\t\t\t\t<div class=\"e-con-inner\">\n\t\t<div class=\"elementor-element elementor-element-b2c3775 e-con-full e-flex e-con e-child\" data-id=\"b2c3775\" data-element_type=\"container\">\n\t\t\t\t<div class=\"elementor-element elementor-element-6f35e88 elementor-widget elementor-widget-image\" data-id=\"6f35e88\" data-element_type=\"widget\" data-widget_type=\"image.default\">\n\t\t\t\t<div class=\"elementor-widget-container\">\n\t\t\t\t\t\t\t\t\t\t\t\t\t\t\t<img fetchpriority=\"high\" decoding=\"async\" width=\"512\" height=\"225\" src=\"https:\/\/siberien.envol.ovh\/wp-content\/uploads\/2025\/01\/00unnamed.png\" class=\"attachment-large size-large wp-image-5739\" alt=\"\" srcset=\"https:\/\/siberien.envol.ovh\/wp-content\/uploads\/2025\/01\/00unnamed.png 512w, https:\/\/siberien.envol.ovh\/wp-content\/uploads\/2025\/01\/00unnamed-300x132.png 300w, https:\/\/siberien.envol.ovh\/wp-content\/uploads\/2025\/01\/00unnamed-18x8.png 18w\" sizes=\"(max-width: 512px) 100vw, 512px\" \/>\t\t\t\t\t\t\t\t\t\t\t\t\t\t\t<\/div>\n\t\t\t\t<\/div>\n\t\t\t\t<\/div>\n\t\t<div class=\"elementor-element elementor-element-35813c3 e-con-full e-flex e-con e-child\" data-id=\"35813c3\" data-element_type=\"container\">\n\t\t\t\t<div class=\"elementor-element elementor-element-f2b2938 elementor-widget elementor-widget-text-editor\" data-id=\"f2b2938\" data-element_type=\"widget\" data-widget_type=\"text-editor.default\">\n\t\t\t\t<div class=\"elementor-widget-container\">\n\t\t\t\t\t\t\t\t\t<p>Vahina et Holms sont parents de 4 adorables chatons n\u00e9s le 31\/3<\/p><p>1 petit m\u00e2le blue tabby<\/p><p>2 petites femelles blue tabby<\/p><p>Et 1 petite femelle brown tabby<\/p><p>Tarif : 2500\u20ac<\/p><p>Plus d&rsquo;info et vid\u00e9os par t\u00e9l\u00e9phone ou whatsapp au +33 6 52 23 82 77<\/p><p>Photos \u00e0 partir de fin avril &#8211; d\u00e9but mai<\/p>\t\t\t\t\t\t\t\t<\/div>\n\t\t\t\t<\/div>\n\t\t\t\t<\/div>\n\t\t\t\t\t<\/div>\n\t\t\t\t<\/div>\n\t\t\t\t<section class=\"elementor-section elementor-top-section elementor-element elementor-element-def0370 elementor-section-content-middle elementor-section-boxed elementor-section-height-default elementor-section-height-default\" data-id=\"def0370\" data-element_type=\"section\" data-settings=\"{&quot;background_background&quot;:&quot;classic&quot;}\">\n\t\t\t\t\t\t\t<div class=\"elementor-background-overlay\"><\/div>\n\t\t\t\t\t\t\t<div class=\"elementor-container elementor-column-gap-no\">\n\t\t\t\t\t<div class=\"elementor-column elementor-col-50 elementor-top-column elementor-element elementor-element-a4cdfd2\" data-id=\"a4cdfd2\" data-element_type=\"column\">\n\t\t\t<div class=\"elementor-widget-wrap elementor-element-populated\">\n\t\t\t\t\t\t<div class=\"elementor-element elementor-element-4b5c006 elementor-widget elementor-widget-heading\" data-id=\"4b5c006\" data-element_type=\"widget\" data-widget_type=\"heading.default\">\n\t\t\t\t<div class=\"elementor-widget-container\">\n\t\t\t\t\t<h3 class=\"elementor-heading-title elementor-size-default\">Interested in adopting a Siberian kitten?<\/h3>\t\t\t\t<\/div>\n\t\t\t\t<\/div>\n\t\t\t\t<div class=\"elementor-element elementor-element-1853dde elementor-widget elementor-widget-text-editor\" data-id=\"1853dde\" data-element_type=\"widget\" data-widget_type=\"text-editor.default\">\n\t\t\t\t<div class=\"elementor-widget-container\">\n\t\t\t\t\t\t\t\t\t<p>Contact us now!<\/p>\t\t\t\t\t\t\t\t<\/div>\n\t\t\t\t<\/div>\n\t\t\t\t\t<\/div>\n\t\t<\/div>\n\t\t\t\t<div class=\"elementor-column elementor-col-50 elementor-top-column elementor-element elementor-element-186eec9\" data-id=\"186eec9\" data-element_type=\"column\">\n\t\t\t<div class=\"elementor-widget-wrap elementor-element-populated\">\n\t\t\t\t\t\t<div class=\"elementor-element elementor-element-b28e3b6 elementor-align-center elementor-mobile-align-center elementor-tablet-align-right elementor-widget elementor-widget-button\" data-id=\"b28e3b6\" data-element_type=\"widget\" data-widget_type=\"button.default\">\n\t\t\t\t<div class=\"elementor-widget-container\">\n\t\t\t\t\t\t\t\t\t<div class=\"elementor-button-wrapper\">\n\t\t\t\t\t<a class=\"elementor-button elementor-button-link elementor-size-md\" href=\"https:\/\/siberien.envol.ovh\/en\/contact\/\">\n\t\t\t\t\t\t<span class=\"elementor-button-content-wrapper\">\n\t\t\t\t\t\t\t\t\t<span class=\"elementor-button-text\">Click here<\/span>\n\t\t\t\t\t<\/span>\n\t\t\t\t\t<\/a>\n\t\t\t\t<\/div>\n\t\t\t\t\t\t\t\t<\/div>\n\t\t\t\t<\/div>\n\t\t\t\t\t<\/div>\n\t\t<\/div>\n\t\t\t\t\t<\/div>\n\t\t<\/section>\n\t\t\t\t<section class=\"elementor-section elementor-top-section elementor-element elementor-element-43f9c84 elementor-section-boxed elementor-section-height-default elementor-section-height-default\" data-id=\"43f9c84\" data-element_type=\"section\">\n\t\t\t\t\t\t<div class=\"elementor-container elementor-column-gap-default\">\n\t\t\t\t\t<div class=\"elementor-column elementor-col-100 elementor-top-column elementor-element elementor-element-357bd6a\" data-id=\"357bd6a\" data-element_type=\"column\">\n\t\t\t<div class=\"elementor-widget-wrap elementor-element-populated\">\n\t\t\t\t\t\t<div class=\"elementor-element elementor-element-546bbce elementor-widget-divider--view-line elementor-widget elementor-widget-divider\" data-id=\"546bbce\" data-element_type=\"widget\" data-widget_type=\"divider.default\">\n\t\t\t\t<div class=\"elementor-widget-container\">\n\t\t\t\t\t\t\t<div class=\"elementor-divider\">\n\t\t\t<span class=\"elementor-divider-separator\">\n\t\t\t\t\t\t<\/span>\n\t\t<\/div>\n\t\t\t\t\t\t<\/div>\n\t\t\t\t<\/div>\n\t\t\t\t\t<\/div>\n\t\t<\/div>\n\t\t\t\t\t<\/div>\n\t\t<\/section>\n\t\t\t\t<\/div>","protected":false},"excerpt":{"rendered":"<p>Available kittens About our Siberian kittens What is a L'Envol Sib\u00e9rien kitten? A L'Envol Siberian kitten is a kitten that has received a lot of love and that will seduce you, as much by its endearing and affectionate behaviour as by its beauty! If you're looking for a high-quality Siberian kitten for sale that really stands out ...<\/p>\n<p class=\"read-more\"> <a class=\"\" href=\"https:\/\/siberien.envol.ovh\/en\/kittens-available\/\"> <span class=\"screen-reader-text\">Siberian kittens available<\/span> Read More \"<\/a><\/p>","protected":false},"author":1,"featured_media":0,"parent":0,"menu_order":0,"comment_status":"closed","ping_status":"closed","template":"","meta":{"site-sidebar-layout":"no-sidebar","site-content-layout":"page-builder","ast-site-content-layout":"","site-content-style":"default","site-sidebar-style":"default","ast-global-header-display":"","ast-banner-title-visibility":"","ast-main-header-display":"","ast-hfb-above-header-display":"","ast-hfb-below-header-display":"","ast-hfb-mobile-header-display":"","site-post-title":"disabled","ast-breadcrumbs-content":"","ast-featured-img":"disabled","footer-sml-layout":"","theme-transparent-header-meta":"enabled","adv-header-id-meta":"","stick-header-meta":"","header-above-stick-meta":"","header-main-stick-meta":"","header-below-stick-meta":"","astra-migrate-meta-layouts":"","ast-page-background-enabled":"default","ast-page-background-meta":{"desktop":{"background-color":"","background-image":"","background-repeat":"repeat","background-position":"center center","background-size":"auto","background-attachment":"scroll","background-type":"","background-media":"","overlay-type":"","overlay-color":"","overlay-gradient":""},"tablet":{"background-color":"","background-image":"","background-repeat":"repeat","background-position":"center center","background-size":"auto","background-attachment":"scroll","background-type":"","background-media":"","overlay-type":"","overlay-color":"","overlay-gradient":""},"mobile":{"background-color":"","background-image":"","background-repeat":"repeat","background-position":"center center","background-size":"auto","background-attachment":"scroll","background-type":"","background-media":"","overlay-type":"","overlay-color":"","overlay-gradient":""}},"ast-content-background-meta":{"desktop":{"background-color":"var(--ast-global-color-5)","background-image":"","background-repeat":"repeat","background-position":"center center","background-size":"auto","background-attachment":"scroll","background-type":"","background-media":"","overlay-type":"","overlay-color":"","overlay-gradient":""},"tablet":{"background-color":"var(--ast-global-color-5)","background-image":"","background-repeat":"repeat","background-position":"center center","background-size":"auto","background-attachment":"scroll","background-type":"","background-media":"","overlay-type":"","overlay-color":"","overlay-gradient":""},"mobile":{"background-color":"var(--ast-global-color-5)","background-image":"","background-repeat":"repeat","background-position":"center center","background-size":"auto","background-attachment":"scroll","background-type":"","background-media":"","overlay-type":"","overlay-color":"","overlay-gradient":""}},"footnotes":""},"class_list":["post-1175","page","type-page","status-publish","hentry"],"_links":{"self":[{"href":"https:\/\/siberien.envol.ovh\/en\/wp-json\/wp\/v2\/pages\/1175","targetHints":{"allow":["GET"]}}],"collection":[{"href":"https:\/\/siberien.envol.ovh\/en\/wp-json\/wp\/v2\/pages"}],"about":[{"href":"https:\/\/siberien.envol.ovh\/en\/wp-json\/wp\/v2\/types\/page"}],"author":[{"embeddable":true,"href":"https:\/\/siberien.envol.ovh\/en\/wp-json\/wp\/v2\/users\/1"}],"replies":[{"embeddable":true,"href":"https:\/\/siberien.envol.ovh\/en\/wp-json\/wp\/v2\/comments?post=1175"}],"version-history":[{"count":3,"href":"https:\/\/siberien.envol.ovh\/en\/wp-json\/wp\/v2\/pages\/1175\/revisions"}],"predecessor-version":[{"id":6585,"href":"https:\/\/siberien.envol.ovh\/en\/wp-json\/wp\/v2\/pages\/1175\/revisions\/6585"}],"wp:attachment":[{"href":"https:\/\/siberien.envol.ovh\/en\/wp-json\/wp\/v2\/media?parent=1175"}],"curies":[{"name":"wp","href":"https:\/\/api.w.org\/{rel}","templated":true}]}}